{"id":4814,"date":"2020-09-18T08:59:39","date_gmt":"2020-09-18T08:59:39","guid":{"rendered":"http:\/\/www.fpsanturtzilh.eus\/?page_id=4814"},"modified":"2024-06-05T15:11:49","modified_gmt":"2024-06-05T13:11:49","slug":"lehentasunez-langileei-zuzendutako-prestakuntza","status":"publish","type":"page","link":"https:\/\/www.fpsanturtzilh.eus\/eu\/profesionalak\/estudios\/lehentasunez-langileei-zuzendutako-prestakuntza\/","title":{"rendered":"Landunentzako edo langabezian daudenentzako prestakuntza"},"content":{"rendered":"<div class=\"wpb-content-wrapper\"><div data-post-id=\"4495\" class=\"insert-page insert-page-4495 \"><style type=\"text\/css\" data-type=\"vc_shortcodes-custom-css\">.vc_custom_1593734300542{margin-bottom: 30px !important;background-image: url(http:\/\/www.fpsanturtzilh.eus\/wp-content\/uploads\/2020\/07\/cab-futuros-alumnos2.jpg?id=3107) !important;background-position: 0 0 !important;background-repeat: no-repeat !important;}.vc_custom_1592926478506{padding-top: 30px !important;padding-bottom: 30px !important;background-color: #57b6b2 !important;background-position: center !important;background-repeat: no-repeat !important;background-size: cover !important;}.vc_custom_1591438470376{margin-top: 200px !important;}.vc_custom_1589411879846{border-radius: 35px !important;}<\/style><div class=\"wpb-content-wrapper\"><p>[vc_row full_width=&#8221;stretch_row&#8221; content_placement=&#8221;top&#8221; css=&#8221;.vc_custom_1593734300542{margin-bottom: 30px !important;background-image: url(http:\/\/www.fpsanturtzilh.eus\/wp-content\/uploads\/2020\/07\/cab-futuros-alumnos2.jpg?id=3107) !important;background-position: 0 0 !important;background-repeat: no-repeat !important;}&#8221;][vc_column css=&#8221;.vc_custom_1591438470376{margin-top: 200px !important;}&#8221; el_id=&#8221;h1 de la ficha de estudio&#8221;][vc_column_text el_class=&#8221;blanco&#8221;]<\/p>\n<h1>Landunentzako edo langabezian daudenentzako prestakuntza (LANBIDE ikastaroak)<\/h1>\n<p>[\/vc_column_text][\/vc_column][\/vc_row][vc_row el_id=&#8221;Plan de formaci\u00f3n&#8221;][vc_column][vc_column_text]Enplegagarritasuna hobetzeko eta laneratzea sustatzeko ikastaroak eskaintzen ditugu urtero, bi ildo desberdinetan programatuta: bata, lehentasunez, langabeentzat, eta, bestea, lehentasunez, landunentzat. Ikastaroak Lanbidek sustatu eta kudeatzen ditu, erabat doakoak dira eta baldintza bakarra Lanbiden izena emanda egotea da (langabea bazara) eta egin nahi duzun ikastaroaren baldintzak betetzea.<\/p>\n<p>Prestakuntza hori <a href=\"http:\/\/www.sepe.es\/HomeSepe\/Personas\/formacion\/certificados-profesionalidad.html\" target=\"_blank\" rel=\"noopener noreferrer\"><u>profesionaltasun-ziurtagiriei<\/u><\/a> lotuta dago: <a href=\"http:\/\/www.todofp.es\/acreditacion-de-competencias\/informacion-general\/que-es-competencia-profesional.html\" target=\"_blank\" rel=\"noopener noreferrer\"><u>kualifikazioen Katalogo Nazionalean<\/u><\/a> jasotako jarduera bat gauzatzeko <a href=\"http:\/\/todofp.es\/dam\/jcr:7df103e8-781f-4f4b-806c-f386cef4baba\/catalogo-nacional-cualificaciones-junio-2014-pdf.pdf\" target=\"_blank\" rel=\"noopener noreferrer\">lanbide-kualifikazio bat ofizialki<\/a> egiaztatzen duena.<\/p>\n<p>CIFP SanJorge LHIIn honako ikastaro hauetan izena eman dezakezu:[\/vc_column_text][\/vc_column][\/vc_row][vc_row disable_element=&#8221;yes&#8221; el_id=&#8221;Plan de formaci\u00f3n&#8221;][vc_column css=&#8221;.vc_custom_1589411879846{border-radius: 35px !important;}&#8221;][vc_column_text]\n<table id=\"tablepress-37\" class=\"tablepress tablepress-id-37\">\n<thead>\n<tr class=\"row-1\">\n\t<th class=\"column-1\">Familia<\/th><th class=\"column-2\">Ikastaroa<\/th><th class=\"column-3\">Ordu kopurua<\/th><th class=\"column-4\">Hasiera-data<\/th><th class=\"column-5\">Prestakuntza Unitatea\/Ziurtagiria<\/th><th class=\"column-6\">Izen ematea<\/th>\n<\/tr>\n<\/thead>\n<tbody class=\"row-striping row-hover\">\n<tr class=\"row-2\">\n\t<td class=\"column-1\"><a href= \"http:\/\/www.fpsanturtzilh.eus\/eu\/inicio\/heziketa\/beste-ikasketa-batzuk\/lehentasunez-langileei-zuzendutako-prestakuntza\/txirbil-harroketa-bidezko-piezak-fabrikatzeko-zkk-programak-egitea\/\">Fabrikazio Mekanikoa (FME) <\/a><\/td><td class=\"column-2\">Txirbil-harroketa bidezko piezak fabrikatzeko ZKK programak egitea <\/td><td class=\"column-3\">80<\/td><td class=\"column-4\">2020\/05\/04<\/td><td class=\"column-5\"><a href= \"https:\/\/apps.lanbide.euskadi.net\/descargas\/egailancas\/certificados\/UF\/FMEH0109.MF0090_2.UF0879.pdf\">(UFO879)<\/a><\/td><td class=\"column-6\">Lanbiden izena emateko esteka, orain desaktibatuta<\/td>\n<\/tr>\n<tr class=\"row-3\">\n\t<td class=\"column-1\"><a href= \"http:\/\/www.fpsanturtzilh.eus\/eu\/inicio\/heziketa\/beste-ikasketa-batzuk\/lehentasunez-langileei-zuzendutako-prestakuntza\/prevencion-de-riesgos-laborales-y-medioambientales-en-el-mecanizado-por-arranque-de-viruta-ufo877\/\">Fabrikazio Mekanikoa (FME)<\/a><\/td><td class=\"column-2\">Laneko eta ingurumeneko arriskuen prebentzioa txirbil-harroketa bidezko mekanizazioan<\/td><td class=\"column-3\">30<\/td><td class=\"column-4\">2020\/05\/11<\/td><td class=\"column-5\"><a href= \"https:\/\/apps.lanbide.euskadi.net\/descargas\/egailancas\/certificados\/UF\/FMEH0109.MF0091_2.UF0877.pdf\">(UFO877)<\/a><\/td><td class=\"column-6\">Lanbiden izena emateko esteka, orain desaktibatuta<br \/>\n<\/td>\n<\/tr>\n<\/tbody>\n<\/table>\n[\/vc_column_text][\/vc_column][\/vc_row][vc_row][vc_column css=&#8221;.vc_custom_1589411879846{border-radius: 35px !important;}&#8221;][vc_column_text]<\/p>\n<h2>Langabezian daudenentzako prestakuntza<\/h2>\n<p>[\/vc_column_text][vc_column_text]\n<table id=\"tablepress-59\" class=\"tablepress tablepress-id-59\">\n<thead>\n<tr class=\"row-1\">\n\t<th class=\"column-1\"><strong>C\u00d3DIGO<\/strong><\/th><th class=\"column-2\"><strong>DENOMINACI\u00d3N<\/strong><\/th><th class=\"column-3\"><strong>TIPO<\/strong><\/th><th class=\"column-4\"><strong>DURACI\u00d3N<\/strong><\/th><th class=\"column-5\"><strong>FECHAS<\/strong><\/th><th class=\"column-6\"><strong>ESTADO DE LA ACCI\u00d3N\/ACCESO LANBIDE<\/strong><\/th>\n<\/tr>\n<\/thead>\n<tbody class=\"row-striping row-hover\">\n<tr class=\"row-2\">\n\t<td class=\"column-1\">25482503<\/td><td class=\"column-2\">TMVG0409 - MANTENIMIENTO DEL MOTOR Y SUS SISTEMAS AUXILIARES (CP)<\/td><td class=\"column-3\">Especialidad completa <br \/>\n(DISOCIADA)<\/td><td class=\"column-4\">520 Horas<\/td><td class=\"column-5\">24\/11\/2025<br \/>\n 03\/06\/2026<\/td><td class=\"column-6\"><u>EN CURSO<\/u><\/td>\n<\/tr>\n<tr class=\"row-3\">\n\t<td class=\"column-1\">25482510<\/td><td class=\"column-2\">ELEE0109 - MONTAJE Y MANTENIMIENTO DE INSTALACIONES EL\u00c9CTRICAS DE BAJA TENSI\u00d3N (CP)<\/td><td class=\"column-3\">Especialidad completa<br \/>\n(DISOCIADA)<\/td><td class=\"column-4\">920 Horas<\/td><td class=\"column-5\">24\/011\/2025<br \/>\n 29\/10\/2026<\/td><td class=\"column-6\"><u>EN CURSO<\/u><\/td>\n<\/tr>\n<tr class=\"row-4\">\n\t<td class=\"column-1\">25482526<\/td><td class=\"column-2\">IMPQ0208 - PELUQUER\u00cdA (CP)<\/td><td class=\"column-3\">Especialidad completa<br \/>\n(DISOCIADA)<\/td><td class=\"column-4\">710 Horas<\/td><td class=\"column-5\">24\/11\/2025<br \/>\n 20\/07\/2026<\/td><td class=\"column-6\"><u>EN CURSO<\/u><\/td>\n<\/tr>\n<tr class=\"row-5\">\n\t<td class=\"column-1\">25482527<\/td><td class=\"column-2\">FMEH0109 - MECANIZADO POR ARRANQUE DE VIRUTA (CP)<\/td><td class=\"column-3\">Especialidad completa<br \/>\n(DISOCIADA)<\/td><td class=\"column-4\">620 Horas<\/td><td class=\"column-5\">24\/11\/2025<br \/>\n 30\/06\/2026<\/td><td class=\"column-6\"><u>EN CURSO<\/u><\/td>\n<\/tr>\n<tr class=\"row-6\">\n\t<td class=\"column-1\">25482528<\/td><td class=\"column-2\">QUIA0108 - ENSAYOS F\u00cdSICOS Y FISICOQU\u00cdMICOS (CP)<\/td><td class=\"column-3\">Especialidad completa<br \/>\n(DISOCIADA)<\/td><td class=\"column-4\">500 Horas<\/td><td class=\"column-5\">5\/02\/2026<br \/>\n 16\/07\/2026<\/td><td class=\"column-6\"><u>EN CURSO<\/u><\/td>\n<\/tr>\n<tr class=\"row-7\">\n\t<td class=\"column-1\">25482530<\/td><td class=\"column-2\">IFCT0108 : OPERACIONES AUXILIARES DE MONTAJE Y MANTENIMIMIENTO DE SISTEMAS MICROINFORM\u00c1TICOS<\/td><td class=\"column-3\">M\u00f3dulo Parcial (MF1208_1) Operaciones auxiliares de mantenimiento de sistemas microinform\u00e1ticos<\/td><td class=\"column-4\">89 Horas<\/td><td class=\"column-5\">25\/05\/2026 18\/06\/2026<\/td><td class=\"column-6\"><u>EN CURSO<\/u><\/td>\n<\/tr>\n<tr class=\"row-8\">\n\t<td class=\"column-1\">25483028<\/td><td class=\"column-2\">IFCT0108 : OPERACIONES AUXILIARES DE MONTAJE Y MANTENIMIMIENTO DE SISTEMAS MICROINFORM\u00c1TICOS<\/td><td class=\"column-3\">M\u00f3dulo Parcial (MF1209_1) Operaciones auxiliares con tecnolog\u00edas de la informaci\u00f3n y la<br \/>\ncomunicaci\u00f3n<\/td><td class=\"column-4\">115 Horas<\/td><td class=\"column-5\">13\/04\/2026 14\/05\/2026<\/td><td class=\"column-6\"><u>EN CURSO<\/u><\/td>\n<\/tr>\n<tr class=\"row-9\">\n\t<td class=\"column-1\"><\/td><td class=\"column-2\"><\/td><td class=\"column-3\"><\/td><td class=\"column-4\"><\/td><td class=\"column-5\"><\/td><td class=\"column-6\"><u><\/u><\/td>\n<\/tr>\n<tr class=\"row-10\">\n\t<td class=\"column-1\"><\/td><td class=\"column-2\"><\/td><td class=\"column-3\"><\/td><td class=\"column-4\"><\/td><td class=\"column-5\"><\/td><td class=\"column-6\"><u><\/u><\/td>\n<\/tr>\n<tr class=\"row-11\">\n\t<td class=\"column-1\"><\/td><td class=\"column-2\"><\/td><td class=\"column-3\"><\/td><td class=\"column-4\"><\/td><td class=\"column-5\"><\/td><td class=\"column-6\"><u><\/u><\/td>\n<\/tr>\n<tr class=\"row-12\">\n\t<td class=\"column-1\"><\/td><td class=\"column-2\"><\/td><td class=\"column-3\"><\/td><td class=\"column-4\"><\/td><td class=\"column-5\"><\/td><td class=\"column-6\"><u><\/u><\/td>\n<\/tr>\n<tr class=\"row-13\">\n\t<td class=\"column-1\"><\/td><td class=\"column-2\"><\/td><td class=\"column-3\"><\/td><td class=\"column-4\"><\/td><td class=\"column-5\"><\/td><td class=\"column-6\"><u><\/u><\/td>\n<\/tr>\n<\/tbody>\n<\/table>\n<!-- #tablepress-59 from cache -->[\/vc_column_text][vc_column_text]<\/p>\n<h2>Landunentzako prestakuntza<\/h2>\n<p>[\/vc_column_text][vc_column_text]\n<table id=\"tablepress-60\" class=\"tablepress tablepress-id-60\">\n<thead>\n<tr class=\"row-1\">\n\t<th class=\"column-1\"><strong>C\u00d3DIGO<\/strong><\/th><th class=\"column-2\"><strong>DENOMINACI\u00d3N<\/strong><\/th><th class=\"column-3\"><strong>TIPO<\/strong><\/th><th class=\"column-4\"><strong>DURACI\u00d3N<\/strong><\/th><th class=\"column-5\"><strong>FECHAS<\/strong><\/th><th class=\"column-6\"><strong>ACCESO LANBIDE<\/strong><\/th>\n<\/tr>\n<\/thead>\n<tbody class=\"row-striping row-hover\">\n<tr class=\"row-2\">\n\t<td class=\"column-1\">OC25483083<\/td><td class=\"column-2\">COMT0210 - GESTI\u00d3N ADMINISTRATIVA Y FINANCIERA DEL COMERCIO INTERNACIONAL (CP)<\/td><td class=\"column-3\">UF1764-Ingl\u00e9s oral y escrito en el comercio internacional<\/td><td class=\"column-4\">96 Horas<\/td><td class=\"column-5\">1\/12\/2025 16\/04\/2026<\/td><td class=\"column-6\"><u>EN CURSO<\/u><\/td>\n<\/tr>\n<tr class=\"row-3\">\n\t<td class=\"column-1\">OC25483086<\/td><td class=\"column-2\">COMT0210 - GESTI\u00d3N ADMINISTRATIVA Y FINANCIERA DEL COMERCIO INTERNACIONAL (CP)<\/td><td class=\"column-3\">UF1765-Documentaci\u00f3n en ingl\u00e9s para el comercio internacional<\/td><td class=\"column-4\">32 Horas<\/td><td class=\"column-5\">20\/04\/2026 21\/05\/2026<\/td><td class=\"column-6\"><u>EN CURSO<\/u><\/td>\n<\/tr>\n<tr class=\"row-4\">\n\t<td class=\"column-1\">OC25483011<\/td><td class=\"column-2\">TMVL0005OH - PINTURA DE VEH\u00cdCULOS<\/td><td class=\"column-3\">Parcial (UF1107) Montaje y mantenimiento de equipos de audio, video y telecomunicaciones<\/td><td class=\"column-4\">90 Horas<\/td><td class=\"column-5\">13\/04\/2026<br \/>\n 14\/05\/2026    <\/td><td class=\"column-6\">EN CURSO<\/td>\n<\/tr>\n<\/tbody>\n<\/table>\n<!-- #tablepress-60 from cache -->[\/vc_column_text][\/vc_column][\/vc_row][vc_row full_width=&#8221;stretch_row&#8221; css=&#8221;.vc_custom_1592926478506{padding-top: 30px !important;padding-bottom: 30px !important;background-color: #57b6b2 !important;background-position: center !important;background-repeat: no-repeat !important;background-size: cover !important;}&#8221; el_id=&#8221;solicita informaci\u00f3n 2&#8243;][vc_column width=&#8221;1\/12&#8243;][vc_icon icon_fontawesome=&#8221;fas fa-comment-dots&#8221; color=&#8221;custom&#8221; size=&#8221;xl&#8221; align=&#8221;right&#8221; custom_color=&#8221;#ffffff&#8221;][\/vc_column][vc_column width=&#8221;2\/4&#8243;][vc_column_text el_class=&#8221;pblanco&#8221;]<strong>Informazio gehiagorako: Santurtzi LH<\/strong><br \/>\n<strong>Ikastetxearen helbide elektronikoa: jlagoma@fpsanturtzilh.eus<\/strong><br \/>\n<strong>Informazio telefonoa: <\/strong><a href=\"about:blank\">944004930<\/a>[\/vc_column_text][\/vc_column][\/vc_row]<\/p>\n<\/div><\/div>\n<\/div>","protected":false},"excerpt":{"rendered":"[vc_row full_width=\"stretch_row\" content_placement=\"top\" css=\".vc_custom_1593734300542{margin-bottom: 30px !important;background-image: url(http:\/\/www.fpsanturtzilh.eus\/wp-content\/uploads\/2020\/07\/cab-futuros-alumnos2.jpg?id=3107) !important;background-position: 0 0 !important;background-repeat: no-repeat !important;}\"][vc_column css=\".vc_custom_1591438470376{margin-top: 200px !important;}\" el_id=\"h1 de la ficha de estudio\"][vc_column_text el_class=\"blanco\"] Landunentzako edo langabezian<span class=\"excerpt-hellip\"> [\u2026]<\/span>","protected":false},"author":1,"featured_media":0,"parent":4811,"menu_order":0,"comment_status":"closed","ping_status":"closed","template":"template-profesionales.php","meta":{"footnotes":""},"categories":[],"tags":[],"class_list":["post-4814","page","type-page","status-publish","hentry"],"_links":{"self":[{"href":"https:\/\/www.fpsanturtzilh.eus\/eu\/wp-json\/wp\/v2\/pages\/4814","targetHints":{"allow":["GET"]}}],"collection":[{"href":"https:\/\/www.fpsanturtzilh.eus\/eu\/wp-json\/wp\/v2\/pages"}],"about":[{"href":"https:\/\/www.fpsanturtzilh.eus\/eu\/wp-json\/wp\/v2\/types\/page"}],"author":[{"embeddable":true,"href":"https:\/\/www.fpsanturtzilh.eus\/eu\/wp-json\/wp\/v2\/users\/1"}],"replies":[{"embeddable":true,"href":"https:\/\/www.fpsanturtzilh.eus\/eu\/wp-json\/wp\/v2\/comments?post=4814"}],"version-history":[{"count":0,"href":"https:\/\/www.fpsanturtzilh.eus\/eu\/wp-json\/wp\/v2\/pages\/4814\/revisions"}],"up":[{"embeddable":true,"href":"https:\/\/www.fpsanturtzilh.eus\/eu\/wp-json\/wp\/v2\/pages\/4811"}],"wp:attachment":[{"href":"https:\/\/www.fpsanturtzilh.eus\/eu\/wp-json\/wp\/v2\/media?parent=4814"}],"wp:term":[{"taxonomy":"category","embeddable":true,"href":"https:\/\/www.fpsanturtzilh.eus\/eu\/wp-json\/wp\/v2\/categories?post=4814"},{"taxonomy":"post_tag","embeddable":true,"href":"https:\/\/www.fpsanturtzilh.eus\/eu\/wp-json\/wp\/v2\/tags?post=4814"}],"curies":[{"name":"wp","href":"https:\/\/api.w.org\/{rel}","templated":true}]}}