{"id":4766,"date":"2020-09-18T08:52:32","date_gmt":"2020-09-18T08:52:32","guid":{"rendered":"http:\/\/www.fpsanturtzilh.eus\/?page_id=4766"},"modified":"2024-06-05T15:09:53","modified_gmt":"2024-06-05T13:09:53","slug":"erdi-mailako-zikloetara-sartzeko-baldintzak","status":"publish","type":"page","link":"https:\/\/www.fpsanturtzilh.eus\/eu\/etorkizuneko-ikasleak\/sarrera-baldintzak\/erdi-mailako-zikloetara-sartzeko-baldintzak\/","title":{"rendered":"Erdi Mailako zikloetara sartzeko baldintzak"},"content":{"rendered":"<div class=\"wpb-content-wrapper\"><div data-post-id=\"4516\" class=\"insert-page insert-page-4516 \"><style type=\"text\/css\" data-type=\"vc_shortcodes-custom-css\">.vc_custom_1593734526268{margin-bottom: 30px !important;background-image: url(http:\/\/www.fpsanturtzilh.eus\/wp-content\/uploads\/2020\/07\/cab-futuros-alumnos2.jpg?id=3107) !important;background-position: 0 0 !important;background-repeat: no-repeat !important;}.vc_custom_1591438470376{margin-top: 200px !important;}<\/style><div class=\"wpb-content-wrapper\"><p>[vc_row full_width=&#8221;stretch_row&#8221; content_placement=&#8221;top&#8221; css=&#8221;.vc_custom_1593734526268{margin-bottom: 30px !important;background-image: url(http:\/\/www.fpsanturtzilh.eus\/wp-content\/uploads\/2020\/07\/cab-futuros-alumnos2.jpg?id=3107) !important;background-position: 0 0 !important;background-repeat: no-repeat !important;}&#8221;][vc_column css=&#8221;.vc_custom_1591438470376{margin-top: 200px !important;}&#8221;][vc_column_text el_class=&#8221;blanco&#8221;]<\/p>\n<h1>Erdi Mailako zikloetara sartzeko baldintzak<\/h1>\n<p>[\/vc_column_text][\/vc_column][\/vc_row][vc_row][vc_column width=&#8221;1\/12&#8243;][vc_icon icon_fontawesome=&#8221;fas fa-stamp&#8221; color=&#8221;custom&#8221; size=&#8221;xl&#8221; custom_color=&#8221;#52bdc3&#8243;][\/vc_column][vc_column width=&#8221;3\/4&#8243;][vc_column_text]Erdi-mailako heziketa-zikloetan sartzeko, gutxienez baldintza hauetako bat bete behar da:<\/p>\n<ul>\n<li>Derrigorrezko Bigarren Hezkuntzako graduatu-titulua edo goi-mailako ikasketa-maila izatea.Estar en posesi\u00f3n del t\u00edtulo Profesional B\u00e1sico.<\/li>\n<li>Teknikari laguntzailearen titulua izatea.<\/li>\n<li>Hezkuntza-administrazioak baimendutako ikastetxe publikoetan edo pribatuetan erdi-mailako heziketa-zikloetan sartzeko berariazko prestakuntza-ikastaroa gainditu izana.<\/li>\n<li>Erdi-mailako edo goi-mailako heziketa-zikloetara sartzeko proba edo 25 urtetik gorakoentzako unibertsitatera sartzeko proba gainditu izana.<\/li>\n<li>Hasierako lanbide-prestakuntzako programa baten nahitaezko moduluak gainditu izana.<\/li>\n<li>Batxilergo Bateratu eta Balioaniztuneko (BBB) lehen bi mailak gainditu izana, eta, oro har, gainditu gabeko bi ikasgai izatea gehienez ere.<\/li>\n<li>Irakaskuntza Ertainen Erreformako lehen ziklo esperimentalaren (REM) 2. maila gainditu izana.<\/li>\n<li>Uztailaren 29ko 1147\/2011 Errege Dekretuaren hirugarren xedapen gehigarriko b) letran ezarritako goi-mailako heziketa-zikloetan sartzeko titulazio baliokideren bat dutela egiaztatzea:<\/li>\n<li style=\"list-style-type: none;\">\n<ul>\n<li>Teknikari laguntzailearen titulua izatea.<\/li>\n<li>Teknikari-titulua izatea.<\/li>\n<li>Goi-mailako batxiler-titulua izatea.<\/li>\n<li>Irakaskuntza ertainak berritzeko lehen ziklo esperimentalaren bigarren maila gainditu izana.<\/li>\n<li>Arte Aplikatuen eta Lanbide Artistikoen irakaskuntzetatik 1963ko planaren hirugarren maila edo komunen bigarren maila esperimentala gainditu izana.<\/li>\n<li>Batxilergo Bateratu eta Balioaniztuneko lehen bi ikasturteetan gehienez ere bi ikasgai gainditu gabe dituztela egiaztatzea.<\/li>\n<li>Goi-mailako heziketa-zikloetan sartzeko titulazio baliokideren bat izatea.<\/li>\n<li>HOndorio akademikoetarako aurrekoen baliokidetzat jotako beste prestakuntza-ikasketa edo -ikastaro batzuk gainditu izana.<\/li>\n<\/ul>\n<\/li>\n<li>Atzerriko ikasketak lehen aipatutako tituluren batekin homologatu izanaren ziurtagiria. Homologazio-prozedura ebatzi ez bada, Inskripzio Baldintzatuaren Bolantea onartuko da.<\/li>\n<\/ul>\n<p>[\/vc_column_text][\/vc_column][\/vc_row]<\/p>\n<\/div><\/div>\n<\/div>","protected":false},"excerpt":{"rendered":"[vc_row full_width=\"stretch_row\" content_placement=\"top\" css=\".vc_custom_1593734526268{margin-bottom: 30px !important;background-image: url(http:\/\/www.fpsanturtzilh.eus\/wp-content\/uploads\/2020\/07\/cab-futuros-alumnos2.jpg?id=3107) !important;background-position: 0 0 !important;background-repeat: no-repeat !important;}\"][vc_column css=\".vc_custom_1591438470376{margin-top: 200px !important;}\"][vc_column_text el_class=\"blanco\"] Erdi Mailako zikloetara sartzeko baldintzak [\/vc_column_text][\/vc_column][\/vc_row][vc_row][vc_column width=\"1\/12\"][vc_icon icon_fontawesome=\"fas fa-stamp\"<span class=\"excerpt-hellip\"> [\u2026]<\/span>","protected":false},"author":1,"featured_media":0,"parent":4759,"menu_order":0,"comment_status":"closed","ping_status":"closed","template":"template-alumnos.php","meta":{"footnotes":""},"categories":[],"tags":[],"class_list":["post-4766","page","type-page","status-publish","hentry"],"_links":{"self":[{"href":"https:\/\/www.fpsanturtzilh.eus\/eu\/wp-json\/wp\/v2\/pages\/4766","targetHints":{"allow":["GET"]}}],"collection":[{"href":"https:\/\/www.fpsanturtzilh.eus\/eu\/wp-json\/wp\/v2\/pages"}],"about":[{"href":"https:\/\/www.fpsanturtzilh.eus\/eu\/wp-json\/wp\/v2\/types\/page"}],"author":[{"embeddable":true,"href":"https:\/\/www.fpsanturtzilh.eus\/eu\/wp-json\/wp\/v2\/users\/1"}],"replies":[{"embeddable":true,"href":"https:\/\/www.fpsanturtzilh.eus\/eu\/wp-json\/wp\/v2\/comments?post=4766"}],"version-history":[{"count":0,"href":"https:\/\/www.fpsanturtzilh.eus\/eu\/wp-json\/wp\/v2\/pages\/4766\/revisions"}],"up":[{"embeddable":true,"href":"https:\/\/www.fpsanturtzilh.eus\/eu\/wp-json\/wp\/v2\/pages\/4759"}],"wp:attachment":[{"href":"https:\/\/www.fpsanturtzilh.eus\/eu\/wp-json\/wp\/v2\/media?parent=4766"}],"wp:term":[{"taxonomy":"category","embeddable":true,"href":"https:\/\/www.fpsanturtzilh.eus\/eu\/wp-json\/wp\/v2\/categories?post=4766"},{"taxonomy":"post_tag","embeddable":true,"href":"https:\/\/www.fpsanturtzilh.eus\/eu\/wp-json\/wp\/v2\/tags?post=4766"}],"curies":[{"name":"wp","href":"https:\/\/api.w.org\/{rel}","templated":true}]}}