{"id":4583,"date":"2020-09-18T08:15:40","date_gmt":"2020-09-18T06:15:40","guid":{"rendered":"http:\/\/www.fpsanturtzilh.eus\/?page_id=4583"},"modified":"2024-09-05T11:07:24","modified_gmt":"2024-09-05T09:07:24","slug":"lh-duala","status":"publish","type":"page","link":"https:\/\/www.fpsanturtzilh.eus\/eu\/inicio\/enpresa\/prestakuntza-enpresetan\/lh-duala\/","title":{"rendered":"LH Duala"},"content":{"rendered":"<div class=\"wpb-content-wrapper\"><p>[vc_row full_width=&#8221;stretch_row&#8221; content_placement=&#8221;top&#8221; css=&#8221;.vc_custom_1592824062678{margin-bottom: 30px !important;background-image: url(http:\/\/www.fpsanturtzilh.eus\/wp-content\/uploads\/2020\/06\/cab-estilismo-w.jpg?id=1264) !important;background-position: 0 0 !important;background-repeat: no-repeat !important;}&#8221;][vc_column css=&#8221;.vc_custom_1591438470376{margin-top: 200px !important;}&#8221;][vc_column_text]<\/p>\n<h1><span style=\"color: #ffffff;\">Formaci\u00f3n Dual en alternancia<\/span><\/h1>\n<p>[\/vc_column_text][\/vc_column][\/vc_row][vc_row][vc_column][vc_column_text]En los programas de Formaci\u00f3n Profesional Dual en R\u00e9gimen de Alternancia las empresas colaboran en la formaci\u00f3n, en sus instalaciones, de alumnado que est\u00e9 cursando un ciclo de Formaci\u00f3n Profesional. De esta forma, la persona en formaci\u00f3n completa sus estudios en situaciones reales de trabajo.<\/p>\n<p>En los planes de dos a\u00f1os, el alumnado cursa el primer curso del ciclo \u00edntegramente en centro de FP. Es en el segundo curso cuando alterna su estancia en la empresa con el centro de formaci\u00f3n.<\/p>\n<p>El proceso de aprendizaje se puede desarrollar de forma paralela en el centro de FP y la empresa, o alternando las estancias. En los periodos en los que el alumnado s\u00f3lo acuda al centro de trabajo, la jornada no puede superar las 40 horas semanales.<\/p>\n<p>La relaci\u00f3n que se establece entre el alumnado y la empresa puede ser contractual (contrato para la formaci\u00f3n y el aprendizaje) o mediante becas.[\/vc_column_text][\/vc_column][\/vc_row][vc_row full_width=&#8221;stretch_row&#8221; css=&#8221;.vc_custom_1593010683896{background-color: rgba(87,182,178,0.26) !important;*background-color: rgb(87,182,178) !important;}&#8221;][vc_column][vc_column_text]<\/p>\n<h3><strong>Ventajas para la empresa<\/strong><\/h3>\n<ul>\n<li>Incrementa la competitividad de las empresas: forma profesionales adaptados a la realidad del tejido productivo.<\/li>\n<li>Es una excelente v\u00eda de incorporar profesionales a la empresas. Por un lado, intervenir en su capacitaci\u00f3n optimiza el proceso de inserci\u00f3n en la cultura corporativa. Por otro, facilita el relevo generacional.<\/li>\n<li>La modalidad de contrato contempla incentivos econ\u00f3micos:\n<ul>\n<li>Subvenci\u00f3n de LANBIDE.<\/li>\n<li>Hasta el 100% de reducci\u00f3n de las cuotas empresariales a la seguridad social.<\/li>\n<\/ul>\n<\/li>\n<li>Permite conectar con el \u00e1mbito acad\u00e9mico, lo que puede suponer una v\u00eda de actualizaci\u00f3n de los conocimientos de la fuerza laboral.<\/li>\n<li>+1.400 empresas participantes.<\/li>\n<li>95% grado de satisfacci\u00f3n de las empresas.<\/li>\n<li>+ 90% alumnado contratado.<\/li>\n<\/ul>\n<p>[\/vc_column_text][\/vc_column][\/vc_row][vc_row][vc_column][vc_column_text]<\/p>\n<h3><strong>Requisitos para participar en este programa<\/strong><\/h3>\n<ul>\n<li>Las empresas interesadas en el modelo de Formaci\u00f3n Profesional Dual en r\u00e9gimen de alternancia deber\u00e1n ponerse en contacto con nuestro centro y comunicar su inter\u00e9s de participar. A partir de este momento, se inicia el siguiente proceso:<\/li>\n<\/ul>\n<p><span style=\"color: #00ffff;\">[Realizar infograf\u00eda]:<\/span><\/p>\n<ul>\n<li>Empresa &gt; comunica al centro formativo el perfil profesional deseado.<\/li>\n<li>Centro &gt; propone a la empresa posibles candidatos\/as.<\/li>\n<li>Empresa &gt; selecciona al alumno o alumna que m\u00e1s se ajuste a sus expectativas.<\/li>\n<li>Centro + Empresa &gt; definen el Plan de Aprendizaje-Formaci\u00f3n-Trabajo<\/li>\n<li>Departamento de Educaci\u00f3n del Gobierno Vasco &gt; autoriza el Plan.<\/li>\n<li>Centro + Empresa &gt; asignan a las personas que van tutorizar el aprendizaje.<\/li>\n<li>Centro + Empresa &gt; firman el convenio<\/li>\n<li>Empresa + estudiante &gt; formalizan el contrato o la beca.<\/li>\n<li>+1.400 empresas participantes.<\/li>\n<li>95% grado de satisfacci\u00f3n de las empresas.<\/li>\n<li>+ 90% alumnado contratado.<\/li>\n<\/ul>\n<p>M\u00e1s informaci\u00f3n: <a href=\"https:\/\/www.fpeuskadidual.eus\/\">https:\/\/www.fpeuskadidual.eus\/<\/a>[\/vc_column_text][\/vc_column][\/vc_row][vc_row full_width=&#8221;stretch_row&#8221; css=&#8221;.vc_custom_1592917744975{padding-top: 30px !important;padding-bottom: 30px !important;background-color: rgba(87,182,178,0.26) !important;background-position: center !important;background-repeat: no-repeat !important;background-size: cover !important;*background-color: rgb(87,182,178) !important;}&#8221;][vc_column width=&#8221;1\/12&#8243;][vc_icon type=&#8221;openiconic&#8221; icon_openiconic=&#8221;vc-oi vc-oi-comment&#8221; color=&#8221;custom&#8221; size=&#8221;xl&#8221; custom_color=&#8221;#52bdc3&#8243;][\/vc_column][vc_column width=&#8221;3\/4&#8243;][vc_column_text]<strong>FP Santurtzi<\/strong><\/p>\n<p><a href=\"mailto:agarciam@fpsanturtzilh.eus\">agarciam@fpsanturtzilh.eus<\/a><br \/>\n<a href=\"about:blank\">94 400 49 30<\/a>[\/vc_column_text][\/vc_column][\/vc_row][vc_row full_width=&#8221;stretch_row&#8221; css=&#8221;.vc_custom_1589415056295{padding-top: 30px !important;padding-bottom: 30px !important;background: #57b6b2 url(http:\/\/www.fpsanturtzilh.eus\/wp-content\/uploads\/2020\/05\/fondo-suscribe-6.png?id=903) !important;background-position: center !important;background-repeat: no-repeat !important;background-size: cover !important;}&#8221;][vc_column width=&#8221;1\/4&#8243;][vc_icon type=&#8221;linecons&#8221; icon_linecons=&#8221;vc_li vc_li-news&#8221; color=&#8221;custom&#8221; size=&#8221;xl&#8221; align=&#8221;right&#8221; custom_color=&#8221;#ffffff&#8221;][\/vc_column][vc_column width=&#8221;3\/4&#8243;][vc_column_text]<span style=\"color: #ffffff;\">Solicita m\u00e1s informaci\u00f3n sobre el ciclo<\/span><\/p>\n<div class=\"everest-forms\"><script type='text\/javascript'>\n\/* <![CDATA[ *\/\nvar evf_settings = {\"currency_code\":\"EUR\",\"currency_thousands\":\".\",\"currency_decimal\":\",\",\"currency_symbol\":\"\\u20ac\",\"currency_symbol_pos\":\"right\"}\n\/* ]]> *\/\n<\/script>\n<\/div>[\/vc_column_text][\/vc_column][\/vc_row]<\/p>\n<\/div>","protected":false},"excerpt":{"rendered":"<p>[vc_row full_width=&#8221;stretch_row&#8221; content_placement=&#8221;top&#8221; css=&#8221;.vc_custom_1592824062678{margin-bottom: 30px !important;background-image: url(http:\/\/www.fpsanturtzilh.eus\/wp-content\/uploads\/2020\/06\/cab-estilismo-w.jpg?id=1264) !important;background-position: 0 0 !important;background-repeat: no-repeat !important;}&#8221;][vc_column css=&#8221;.vc_custom_1591438470376{margin-top: 200px !important;}&#8221;][vc_column_text] Formaci\u00f3n Dual en alternancia [\/vc_column_text][\/vc_column][\/vc_row][vc_row][vc_column][vc_column_text]En los programas de Formaci\u00f3n Profesional<span class=\"excerpt-hellip\"> [\u2026]<\/span><\/p>\n","protected":false},"author":1,"featured_media":0,"parent":4575,"menu_order":0,"comment_status":"closed","ping_status":"closed","template":"","meta":{"footnotes":""},"categories":[],"tags":[],"class_list":["post-4583","page","type-page","status-publish","hentry"],"_links":{"self":[{"href":"https:\/\/www.fpsanturtzilh.eus\/eu\/wp-json\/wp\/v2\/pages\/4583","targetHints":{"allow":["GET"]}}],"collection":[{"href":"https:\/\/www.fpsanturtzilh.eus\/eu\/wp-json\/wp\/v2\/pages"}],"about":[{"href":"https:\/\/www.fpsanturtzilh.eus\/eu\/wp-json\/wp\/v2\/types\/page"}],"author":[{"embeddable":true,"href":"https:\/\/www.fpsanturtzilh.eus\/eu\/wp-json\/wp\/v2\/users\/1"}],"replies":[{"embeddable":true,"href":"https:\/\/www.fpsanturtzilh.eus\/eu\/wp-json\/wp\/v2\/comments?post=4583"}],"version-history":[{"count":0,"href":"https:\/\/www.fpsanturtzilh.eus\/eu\/wp-json\/wp\/v2\/pages\/4583\/revisions"}],"up":[{"embeddable":true,"href":"https:\/\/www.fpsanturtzilh.eus\/eu\/wp-json\/wp\/v2\/pages\/4575"}],"wp:attachment":[{"href":"https:\/\/www.fpsanturtzilh.eus\/eu\/wp-json\/wp\/v2\/media?parent=4583"}],"wp:term":[{"taxonomy":"category","embeddable":true,"href":"https:\/\/www.fpsanturtzilh.eus\/eu\/wp-json\/wp\/v2\/categories?post=4583"},{"taxonomy":"post_tag","embeddable":true,"href":"https:\/\/www.fpsanturtzilh.eus\/eu\/wp-json\/wp\/v2\/tags?post=4583"}],"curies":[{"name":"wp","href":"https:\/\/api.w.org\/{rel}","templated":true}]}}