{"id":4578,"date":"2020-09-18T08:15:00","date_gmt":"2020-09-18T06:15:00","guid":{"rendered":"http:\/\/www.fpsanturtzilh.eus\/?page_id=4578"},"modified":"2024-09-05T11:09:36","modified_gmt":"2024-09-05T09:09:36","slug":"lantokiko-prestakuntza-lpak","status":"publish","type":"page","link":"https:\/\/www.fpsanturtzilh.eus\/eu\/inicio\/enpresa\/prestakuntza-enpresetan\/lantokiko-prestakuntza-lpak\/","title":{"rendered":"Lantokiko prestakuntza (LPak)"},"content":{"rendered":"<div class=\"wpb-content-wrapper\"><p>[vc_row full_width=&#8221;stretch_row&#8221; content_placement=&#8221;top&#8221; css=&#8221;.vc_custom_1592824062678{margin-bottom: 30px !important;background-image: url(http:\/\/www.fpsanturtzilh.eus\/wp-content\/uploads\/2020\/06\/cab-estilismo-w.jpg?id=1264) !important;background-position: 0 0 !important;background-repeat: no-repeat !important;}&#8221;][vc_column css=&#8221;.vc_custom_1591438470376{margin-top: 200px !important;}&#8221;][vc_column_text]<\/p>\n<h1><span style=\"color: #ffffff;\">Formaci\u00f3n en centros de trabajo (FCTs)<\/span><\/h1>\n<p>[\/vc_column_text][\/vc_column][\/vc_row][vc_row][vc_column][vc_column_text]Las empresas pueden acoger, sin coste alguno, a estudiantes de ciclos de Formaci\u00f3n Profesional que est\u00e1n a punto de finalizar sus estudios para que realicen en sus instalaciones las pr\u00e1cticas correspondientes al m\u00f3dulo Formaci\u00f3n en Centros de Trabajo (FCT).<\/p>\n<p>Este m\u00f3dulo formativo no establece ning\u00fan tipo de relaci\u00f3n laboral ni contractual con el estudiante y se desarrollan bajo la gu\u00eda de un programa formativo definido por el tutor o tutora del centro de FP y una persona responsable de la empresa.[\/vc_column_text][\/vc_column][\/vc_row][vc_row full_width=&#8221;stretch_row&#8221; css=&#8221;.vc_custom_1593010683896{background-color: rgba(87,182,178,0.26) !important;*background-color: rgb(87,182,178) !important;}&#8221;][vc_column][vc_column_text]<\/p>\n<h3><strong>Ventajas para la empresa:<\/strong><\/h3>\n<ul>\n<li>Es una gran oportunidad para conocer las capacidades y cualidades de personas que est\u00e1n a punto de titularse. Es por tanto una gran herramienta de proceso de selecci\u00f3n.<\/li>\n<li>Permite formar a quien se contrate en el futuro, de acuerdo con las particularidades propias de la empresa, reduciendo el tiempo de adaptaci\u00f3n y los costes de selecci\u00f3n de personal.<\/li>\n<li>Es una oportunidad para reforzar el equipo de la empresa.<\/li>\n<li>Permite establecer una estrecha relaci\u00f3n con el \u00e1mbito acad\u00e9mico actual de cara a la mejora de los procesos productivos de la empresa.<\/li>\n<li>El alumnado de FCT est\u00e1 cubierto por un seguro de responsabilidad civil y accidentes suscrito por el centro de FP.<\/li>\n<\/ul>\n<p>[\/vc_column_text][\/vc_column][\/vc_row][vc_row full_width=&#8221;stretch_row&#8221;][vc_column][vc_column_text]<\/p>\n<h3><strong>Obligaciones para la empresa<\/strong><\/h3>\n<ul>\n<li>La empresa deber\u00e1 designar una persona responsable que junto con el tutor o tutora del centro concretar\u00e1 el programa formativo.<\/li>\n<li>Evaluaci\u00f3n al finalizar el periodo de formaci\u00f3n en la empresa<\/li>\n<\/ul>\n<p><strong>M\u00e1s informaci\u00f3n: <\/strong><a href=\"http:\/\/www.todofp.es\/sobre-fp\/formacion-en-centros-de-trabajo.html\">http:\/\/www.todofp.es\/sobre-fp\/formacion-en-centros-de-trabajo.html<\/a><\/p>\n<p><strong>Contacto<\/strong><\/p>\n<p>FP Santurtzi<br \/>\n<a href=\"mailto:agarciam@fpsanjoege.com\">agarciam@fpsanturtzilh.eus<br \/>\n<\/a><a href=\"about:blank\">94 400 49 30<\/a>[\/vc_column_text][\/vc_column][\/vc_row][vc_row full_width=&#8221;stretch_row&#8221; css=&#8221;.vc_custom_1589415056295{padding-top: 30px !important;padding-bottom: 30px !important;background: #57b6b2 url(http:\/\/www.fpsanturtzilh.eus\/wp-content\/uploads\/2020\/05\/fondo-suscribe-6.png?id=903) !important;background-position: center !important;background-repeat: no-repeat !important;background-size: cover !important;}&#8221;][vc_column width=&#8221;1\/4&#8243;][vc_icon type=&#8221;linecons&#8221; icon_linecons=&#8221;vc_li vc_li-news&#8221; color=&#8221;custom&#8221; size=&#8221;xl&#8221; align=&#8221;right&#8221; custom_color=&#8221;#ffffff&#8221;][\/vc_column][vc_column width=&#8221;3\/4&#8243;][vc_column_text]<span style=\"color: #ffffff;\">Solicita m\u00e1s informaci\u00f3n sobre el ciclo<\/span><\/p>\n<div class=\"everest-forms\"><script type='text\/javascript'>\n\/* <![CDATA[ *\/\nvar evf_settings = {\"currency_code\":\"EUR\",\"currency_thousands\":\".\",\"currency_decimal\":\",\",\"currency_symbol\":\"\\u20ac\",\"currency_symbol_pos\":\"right\"}\n\/* ]]> *\/\n<\/script>\n<\/div>[\/vc_column_text][\/vc_column][\/vc_row]<\/p>\n<\/div>","protected":false},"excerpt":{"rendered":"<p>[vc_row full_width=&#8221;stretch_row&#8221; content_placement=&#8221;top&#8221; css=&#8221;.vc_custom_1592824062678{margin-bottom: 30px !important;background-image: url(http:\/\/www.fpsanturtzilh.eus\/wp-content\/uploads\/2020\/06\/cab-estilismo-w.jpg?id=1264) !important;background-position: 0 0 !important;background-repeat: no-repeat !important;}&#8221;][vc_column css=&#8221;.vc_custom_1591438470376{margin-top: 200px !important;}&#8221;][vc_column_text] Formaci\u00f3n en centros de trabajo (FCTs) [\/vc_column_text][\/vc_column][\/vc_row][vc_row][vc_column][vc_column_text]Las empresas pueden acoger,<span class=\"excerpt-hellip\"> [\u2026]<\/span><\/p>\n","protected":false},"author":1,"featured_media":0,"parent":4575,"menu_order":0,"comment_status":"closed","ping_status":"closed","template":"","meta":{"footnotes":""},"categories":[],"tags":[],"class_list":["post-4578","page","type-page","status-publish","hentry"],"_links":{"self":[{"href":"https:\/\/www.fpsanturtzilh.eus\/eu\/wp-json\/wp\/v2\/pages\/4578","targetHints":{"allow":["GET"]}}],"collection":[{"href":"https:\/\/www.fpsanturtzilh.eus\/eu\/wp-json\/wp\/v2\/pages"}],"about":[{"href":"https:\/\/www.fpsanturtzilh.eus\/eu\/wp-json\/wp\/v2\/types\/page"}],"author":[{"embeddable":true,"href":"https:\/\/www.fpsanturtzilh.eus\/eu\/wp-json\/wp\/v2\/users\/1"}],"replies":[{"embeddable":true,"href":"https:\/\/www.fpsanturtzilh.eus\/eu\/wp-json\/wp\/v2\/comments?post=4578"}],"version-history":[{"count":0,"href":"https:\/\/www.fpsanturtzilh.eus\/eu\/wp-json\/wp\/v2\/pages\/4578\/revisions"}],"up":[{"embeddable":true,"href":"https:\/\/www.fpsanturtzilh.eus\/eu\/wp-json\/wp\/v2\/pages\/4575"}],"wp:attachment":[{"href":"https:\/\/www.fpsanturtzilh.eus\/eu\/wp-json\/wp\/v2\/media?parent=4578"}],"wp:term":[{"taxonomy":"category","embeddable":true,"href":"https:\/\/www.fpsanturtzilh.eus\/eu\/wp-json\/wp\/v2\/categories?post=4578"},{"taxonomy":"post_tag","embeddable":true,"href":"https:\/\/www.fpsanturtzilh.eus\/eu\/wp-json\/wp\/v2\/tags?post=4578"}],"curies":[{"name":"wp","href":"https:\/\/api.w.org\/{rel}","templated":true}]}}