{"id":35606,"date":"2024-06-25T10:31:43","date_gmt":"2024-06-25T08:31:43","guid":{"rendered":"https:\/\/www.fpsanturtzilh.eus\/?page_id=35606"},"modified":"2024-09-23T09:03:39","modified_gmt":"2024-09-23T07:03:39","slug":"internacionalizacion","status":"publish","type":"page","link":"https:\/\/www.fpsanturtzilh.eus\/eu\/internacionalizacion\/","title":{"rendered":"Nazioartekotzea"},"content":{"rendered":"<div class=\"wpb-content-wrapper\"><p>[vc_row full_width=&#8221;stretch_row&#8221; content_placement=&#8221;top&#8221; css=&#8221;.vc_custom_1716389827448{margin-bottom: 30px !important;background-image: url(https:\/\/www.fpsanturtzilh.eus\/wp-content\/uploads\/2024\/05\/cab-internacionalizacion.jpg?id=34611) !important;background-position: 0 0 !important;background-repeat: no-repeat !important;}&#8221;][vc_column css=&#8221;.vc_custom_1591438470376{margin-top: 200px !important;}&#8221;][vc_column_text el_class=&#8221;blanco&#8221;]<\/p>\n<h1>NAZIOARTEKOTZEA<\/h1>\n<div id=\"gtx-trans\" style=\"position: absolute; left: 41px; top: 91.1562px;\">\n<div class=\"gtx-trans-icon\"><\/div>\n<\/div>\n<p>[\/vc_column_text][\/vc_column][\/vc_row][vc_row css=&#8221;.vc_custom_1716362960271{margin-top: 0px !important;padding-top: 0px !important;}&#8221;][vc_column width=&#8221;1\/2&#8243;][vc_column_text]<strong>Santurtzi LHn nazioarteko bokazioa dugu.<\/strong><\/p>\n<p>Bizipen zirraragarriak bultzatzen ditugu, nazioarteko mugikortasunetatik hasita, Europako proiektuetaraino. Ikasleentzat eta irakasleentzat. Zure hezkuntza-esperientzia aberastuko duten jarduerak.<\/p>\n<h2>NAZIOARTEKO SAREAK<\/h2>\n<p>Badakigu zein garrantzitsua den bikaintasun akademikoa sustatzea, eta, horregatik, nazioarteko hainbat sarerekin egin ditugun elkarteek lankidetzan jarduten laguntzen digute, ezagutzak, jardunbide egokiak eta baliabide berritzaileak partekatuz. Zuretzat hezkuntza globalizatua, berrikuntzari irekia eta etorkizunera bideratua bilatzen dugu.[\/vc_column_text][\/vc_column][vc_column width=&#8221;1\/2&#8243;]<div class=\"cq-expandgrid cq-circular-nocircular cq-expandgrid- cq-expandgrid-avatar-100 cq-expandgrid-close-yes cq-expandgrid-in1  \" data-itemheight=\"\" data-autoslide=\"no\" data-itemsize=\"\" data-transparentitem=\"yes\" data-openfirst=\"yes\" data-labelfontsize=\"\" data-nocircular=\"nocircular\" data-subfontsize=\"\" data-scrollto=\"\" data-scrolloffset=\"0\"><div class=\"cq-expandgrid-item cq-expandgrid-initstate customized\" data-image=\"\" data-bgstyle=\"customized\" data-backgroundcolor=\"rgba(140,206,211,0.2)\" data-backgroundhovercolor=\"\" data-avatartype=\"image\" data-avatar=\"https:\/\/www.fpsanturtzilh.eus\/wp-content\/uploads\/2024\/04\/lcamp.png\" data-contentcolor=\"\" data-iconcolor=\"\" data-iconsize=\"\" data-labelcolor=\"\" data-subtitlecolor=\"\" title=\"\"><div class=\"cq-expandgrid-face cq-expandgrid-toggle\" style=\"background-color: rgba(140,206,211,0.2)\"><div class=\"cq-expandgrid-facecontent\"><div class=\"cq-expandgrid-avatar\"><\/div><\/div><div class=\"cq-expandgrid-arrow\" style=\"border-bottom:15px solid rgba(140,206,211,0.2)\"><\/div><\/div><div class=\"cq-expandgrid-content\" style=\"background-color: rgba(140,206,211,0.2)\"><div class=\"cq-expandgrid-text\"><p>Hezkuntza teknikoko eta profesionaleko zentroetarako (<strong>VET\/HigherVET<\/strong>) ezagutza sortzeko, trukatzeko, lankidetzan aritzeko eta zerbitzuak emateko Europako erreferentziazko plataforma. Baita fabrikazio aurreratuko sektoreko enpresentzat ere. Sektore horretan diharduten zentroen eta enpresen arteko lankidetza bilatzen da, industrian dauden trebetasun-arrakalak murrizteko.<\/p>\n<p>LCAMPren helburu estrategikoen artean, ikasleentzako ikaskuntza-ibilbide pertsonalizatuak sortzea eta mikrokredentzialak ezagutzea daude. Horrek esan nahi du Fabrikazio Aurreratuan zentratutako etorkizuneko joeren behatoki bat ezarri behar dela, Berrikuntza Irekiko Komunitate bat sortu, Elkarlaneko Ikaskuntzako Fabrika bat egin, sinergiak sustatu EBko beste ekimen batzuekin, eta <strong>LCAMP<\/strong> plataforma autosostenagarri bihurtzen dela bermatu.<\/p>\n<p><a href=\"https:\/\/lcamp.eu\/\" target=\"_blank\" rel=\"noopener\"><strong>&gt;&gt; Web<\/strong><\/a><\/p>\n<\/div><i class=\"fa fa-close cq-expandgrid-close\"><\/i><\/div><\/div><div class=\"cq-expandgrid-item cq-expandgrid-initstate customized\" data-image=\"\" data-bgstyle=\"customized\" data-backgroundcolor=\"rgba(140,206,211,0.2)\" data-backgroundhovercolor=\"\" data-avatartype=\"image\" data-avatar=\"https:\/\/www.fpsanturtzilh.eus\/wp-content\/uploads\/2024\/05\/innotecs-logo4.png\" data-contentcolor=\"\" data-iconcolor=\"\" data-iconsize=\"\" data-labelcolor=\"\" data-subtitlecolor=\"\" title=\"\"><div class=\"cq-expandgrid-face cq-expandgrid-toggle\" style=\"background-color: rgba(140,206,211,0.2)\"><div class=\"cq-expandgrid-facecontent\"><div class=\"cq-expandgrid-avatar\"><\/div><\/div><div class=\"cq-expandgrid-arrow\" style=\"border-bottom:15px solid rgba(140,206,211,0.2)\"><\/div><\/div><div class=\"cq-expandgrid-content\" style=\"background-color: rgba(140,206,211,0.2)\"><div class=\"cq-expandgrid-text\"><p>Nazioarteko erakunde honek zuzendariak eta hezitzaileak artatzen ditu, eta arreta berezia jartzen du lanbide-heziketan, hezkuntza teknikoko eta bigarren hezkuntzako mailetan. Sare profesional honek nazioarteko sareetan dauden arrakalei heldu nahi die, eskola teknikoen beharretan arreta jarriz.<\/p>\n<p>Egoera hori Europako lan-merkatuaren eskaera gero eta handiagoari erantzuteko sortu zen, baita sortzen ari diren erronka teknologikoei aurre egiteko ikasleak prestatzeko beharrari erantzuteko ere. <strong>InnoTEC<\/strong> ideiak partekatzeko, etorkizuneko erronkei heltzeko eta hezkuntza teknikoan aurrera egiten laguntzeko lankidetza-gune gisa aurkezten da.<\/p>\n<p><strong><a href=\"https:\/\/www.innotecs.eu\/\" target=\"_blank\" rel=\"noopener\">&gt;&gt; Web<\/a><\/strong><\/p>\n<\/div><i class=\"fa fa-close cq-expandgrid-close\"><\/i><\/div><\/div><\/div>[\/vc_column][\/vc_row][vc_row full_width=&#8221;stretch_row&#8221; parallax=&#8221;content-moving&#8221; parallax_image=&#8221;34524&#8243; css=&#8221;.vc_custom_1716378591974{background-color: #ededed !important;}&#8221;][vc_column][vc_row_inner][vc_column_inner][vc_column_text]<\/p>\n<h2>MUGIKORTASUNA<\/h2>\n<p><strong>Santurtzi LH<\/strong>n nazioarteko esperientziak sustatzeko konpromisoa hartu dugu, bai gure ikasleentzat, bai gure irakasle-taldearentzat. Urtero, hainbat heziketa-ziklotako ikasleek <strong>Erasmus+<\/strong> bekekin Europako hainbat herrialdetako lantokietan prestatzeko aukera dute. Esperientzia horri esker, trebetasun berriak eskuratzen dituzte baita beste kultura batzuk ezagutu, eta gainera beren garapen pertsonala eta profesionala aberasten dute.<\/p>\n<p><strong>Gure irakasleek aktiboki parte hartzen dute 2019tik Europako mugikortasunetan (Eslovenia, Herbehereak, Finlandia, Suedia, Frantzia edo Islandia)<\/strong>, beren prestakuntza hobetzeko, azken hezkuntza-joeretan eguneratuta egoteko eta nazioarteko lankidetza-sareak ezartzeko. Esperientzia horiek beste herrialde batzuekin ezagutzak eta jardunbide egokiak trukatzeko aukera ematen diete, <strong>Santurtzi LH<\/strong>n eskaintzen dugun irakaskuntzaren kalitatea aberastuz.<\/p>\n<div id=\"gtx-trans\" style=\"position: absolute; left: 30px; top: 63.8906px;\">\n<div class=\"gtx-trans-icon\"><\/div>\n<\/div>\n<p>[\/vc_column_text][\/vc_column_inner][\/vc_row_inner][vc_row_inner disable_element=&#8221;yes&#8221;][vc_column_inner][vc_column_text]<\/p>\n<h3>IKASLEEN MUGIKORTASUNA<\/h3>\n<p>[\/vc_column_text][vc_basic_grid post_type=&#8221;post&#8221; max_items=&#8221;1000&#8243; style=&#8221;pagination&#8221; items_per_page=&#8221;3&#8243; arrows_design=&#8221;vc_arrow-icon-arrow_01_left&#8221; arrows_position=&#8221;outside&#8221; arrows_color=&#8221;black&#8221; paging_color=&#8221;black&#8221; item=&#8221;34572&#8243; grid_id=&#8221;vc_gid:1727074831534-e5778676-0cb7-5&#8243; taxonomies=&#8221;138&#8243;][\/vc_column_inner][\/vc_row_inner][vc_row_inner][vc_column_inner][vc_column_text]<\/p>\n<h3>IRAKASLEEN MUGIKORTASUNA<\/h3>\n<div id=\"gtx-trans\" style=\"position: absolute; left: 4px; top: 58px;\">\n<div class=\"gtx-trans-icon\"><\/div>\n<\/div>\n<p>[\/vc_column_text][vc_basic_grid post_type=&#8221;post&#8221; max_items=&#8221;1000&#8243; style=&#8221;pagination&#8221; items_per_page=&#8221;3&#8243; arrows_design=&#8221;vc_arrow-icon-arrow_01_left&#8221; arrows_position=&#8221;outside&#8221; arrows_color=&#8221;black&#8221; paging_color=&#8221;black&#8221; item=&#8221;34572&#8243; grid_id=&#8221;vc_gid:1727074831535-828439ac-e3cd-8&#8243; taxonomies=&#8221;131&#8243;][\/vc_column_inner][\/vc_row_inner][\/vc_column][\/vc_row][vc_row full_width=&#8221;stretch_row&#8221;][vc_column][vc_row_inner css=&#8221;.vc_custom_1717574012177{margin-bottom: 0px !important;padding-bottom: 0px !important;}&#8221;][vc_column_inner width=&#8221;2\/3&#8243;][vc_column_text]<\/p>\n<h2>BERRIKUNTZA &#8211; PROIEKTUAK<\/h2>\n<p><strong>Santurtzi LH<\/strong>n funtsezko garrantzia aitortzen diogu nazioz gaindiko berrikuntza-programetan parte hartzeari, ezagutzak eta praktika hobeak partekatzeko eta hezkuntza-arloko egungo erronketarako sormenezko irtenbideak garatzeko aukera ematen baitigute.<\/p>\n<p>Lankidetza horiek gure erakundea aberasteaz gain, nazioarteko hezkuntzan aurrera egiten ere laguntzen dute, ikaskuntza-ingurune dinamikoa eta kolaboratiboa sustatuz.<\/p>\n<div id=\"gtx-trans\" style=\"position: absolute; left: 21px; top: 63.8906px;\">\n<div class=\"gtx-trans-icon\"><\/div>\n<\/div>\n<p>[\/vc_column_text][\/vc_column_inner][vc_column_inner width=&#8221;1\/3&#8243;][vc_single_image image=&#8221;35403&#8243; img_size=&#8221;full&#8221;][\/vc_column_inner][\/vc_row_inner][vc_row_inner css=&#8221;.vc_custom_1717574019544{margin-top: 0px !important;padding-top: 0px !important;}&#8221;][vc_column_inner width=&#8221;1\/2&#8243;][vc_column_text]<\/p>\n<h3>KA2 PROIEKTUAK<\/h3>\n<p><strong>Erasmus+ programaren KA2 ekintzaren helburua da emaitza batzuk ematea eta eragin positiboa sortzea, bai parte hartzen duten erakundeetan, bai jardueretan zuzenean edo zeharka inplikatuta dauden pertsonengan.<\/strong><\/p>\n<p>Proiektu horien helburua da ikuspegi berritzaileak sustatzea kolektibo hartzaileei arreta emateko, gaitasunak aitortzeko eta baliozkotzeko prozesuak hartzeko, tokiko komunitateen mesederako jardueren eraginkortasuna hobetzeko eta aukera gutxien dituzten kolektiboen beharrei erantzuteko.<\/p>\n<p>Era berean, proiektu horiek erakundeen barruan ingurune modernoagoa, dinamikoagoa eta profesionalagoa sustatzea espero da, langileak eguneroko jardueretan praktika eta metodo berriak integratzeko prestatuz eta beste erakunde batzuekiko sinergiei ateak irekiz.<\/p>\n<div id=\"gtx-trans\" style=\"position: absolute; left: 66px; top: 58px;\">\n<div class=\"gtx-trans-icon\"><\/div>\n<\/div>\n<p>[\/vc_column_text][\/vc_column_inner][vc_column_inner width=&#8221;1\/2&#8243;][vc_column_text]<\/p>\n<h3>INTERREG PROIEKTUAK<\/h3>\n<p><strong>Interreg Europe programa eskualdeen arteko lankidetza-programa da, eta Europar Batasunak kofinantzatzen du.<\/strong><\/p>\n<p>Europar Batasunak ahaleginak egiten ditu garapen-mailetan, hazkundean eta bizi-kalitatean dauden desberdintasunak murrizteko Europako eskualdeetan eta eskualdeen artean. Programak helburu hori lortzen laguntzen du, eta 2021etik 2027ra arte iraungo du.<\/p>\n<p>Eskualde-garapeneko arazoei konponbideak partekatzeko ingurunea eta aukerak sortzen ditu. Europako eskualdeen artean praktika onak trukatzea eta politikak ikasten laguntzea 36 herrialdetan, EBko 27 herrialdeak, Albania, Bosnia eta Herzegovina, Moldavia, Montenegro, Ipar Mazedonia, Norvegia, Serbia, Suitza eta Ukraina barne.<\/p>\n<div id=\"gtx-trans\" style=\"position: absolute; left: 134px; top: 58px;\">\n<div class=\"gtx-trans-icon\"><\/div>\n<\/div>\n<p>[\/vc_column_text][\/vc_column_inner][\/vc_row_inner][vc_row_inner][vc_column_inner][vc_basic_grid post_type=&#8221;post&#8221; max_items=&#8221;1000&#8243; style=&#8221;pagination&#8221; items_per_page=&#8221;3&#8243; arrows_design=&#8221;vc_arrow-icon-arrow_01_left&#8221; arrows_position=&#8221;outside&#8221; arrows_color=&#8221;black&#8221; paging_color=&#8221;black&#8221; item=&#8221;34576&#8243; grid_id=&#8221;vc_gid:1727074831537-d72c9c94-14d1-9&#8243; taxonomies=&#8221;133&#8243;][\/vc_column_inner][\/vc_row_inner][\/vc_column][\/vc_row][vc_row full_width=&#8221;stretch_row&#8221; parallax=&#8221;content-moving&#8221; parallax_image=&#8221;34524&#8243; parallax_speed_bg=&#8221;1&#8243; css=&#8221;.vc_custom_1716379771638{background-color: #ededed !important;}&#8221;][vc_column][vc_column_text]<\/p>\n<h2>BISITAK<\/h2>\n<p><strong>Santurtzi LH<\/strong>n elkar ezagutzea nahi dugu eta horregatik bisitak antolatzen ditugu enpresentzat zein ikastetxeentzat. Gure instalazioak, gure irakasleak, egiten ditugun proiektuak eta bururatzen zaizun eta jakin behar duzun guztia irakatsiko dizugu.<\/p>\n<p>Hidrogeno berdea ekoizteko azpiegitura bisitatzeko aukera paregabea da, <strong><a href=\"https:\/\/www.fpsanturtzilh.eus\/landings\/telki-green-hydrogen-lab\/\">TELKI Green Hydrogen Lab<\/a><\/strong>, ezaugarri horietako lehena Lanbide Heziketako estatu mailako zentro batean, non hidrogeno berdearen ekoizpena, kontserbazioa eta aplikazioak ezagutuko dituzun. Espazioa bisitatu nahi baduzu, <strong><a href=\"https:\/\/docs.google.com\/forms\/d\/e\/1FAIpQLSeqnmyw_0k0rRhkF6Czl5Rc9-Qu5kEhHE9BTT0hGQyFAZOZSg\/viewform\" target=\"_blank\" rel=\"noopener\">eman izena<\/a><\/strong> hemen. Gure bisitak ere aukera paregabea dira teknologia horrekin lotutako lankidetza-proiektuak garatzeko.<\/p>\n<div id=\"gtx-trans\" style=\"position: absolute; left: 18px; top: 63.8906px;\">\n<div class=\"gtx-trans-icon\"><\/div>\n<\/div>\n<p>[\/vc_column_text][vc_basic_grid post_type=&#8221;post&#8221; max_items=&#8221;1000&#8243; style=&#8221;pagination&#8221; items_per_page=&#8221;3&#8243; arrows_design=&#8221;vc_arrow-icon-arrow_01_left&#8221; arrows_position=&#8221;outside&#8221; arrows_color=&#8221;black&#8221; paging_color=&#8221;black&#8221; item=&#8221;34572&#8243; grid_id=&#8221;vc_gid:1727074831538-b729cce6-4d2b-7&#8243; taxonomies=&#8221;129&#8243;][\/vc_column][\/vc_row][vc_row full_width=&#8221;stretch_row&#8221; gap=&#8221;35&#8243; css=&#8221;.vc_custom_1591522812547{padding-top: 0px !important;padding-bottom: 0px !important;background-image: url(http:\/\/www.fpsanturtzilh.eus\/wp-content\/uploads\/2020\/06\/2645-scaled.jpg?id=986) !important;background-position: center !important;background-repeat: no-repeat !important;background-size: cover !important;}&#8221;][vc_column width=&#8221;1\/3&#8243;][vc_column_text el_class=&#8221;blanco&#8221;]<\/p>\n<h2><strong>Jarri gurekin harremanetan eta bisitatu gure zentroa<\/strong><\/h2>\n<h2><strong>\u00a0<\/strong><\/h2>\n<p><strong>\u00a0<\/strong><\/p>\n<div id=\"gtx-trans\" style=\"position: absolute; left: 174px; top: 63.8906px;\">\n<div class=\"gtx-trans-icon\"><\/div>\n<\/div>\n<p>[\/vc_column_text][\/vc_column][vc_column width=&#8221;2\/3&#8243; css=&#8221;.vc_custom_1593153022516{padding-top: 40px !important;padding-right: 40px !important;padding-bottom: 40px !important;padding-left: 40px !important;background-color: rgba(82,189,195,0.25) !important;*background-color: rgb(82,189,195) !important;}&#8221;][vc_column_text]<div class=\"everest-forms\"><script type='text\/javascript'>\n\/* <![CDATA[ *\/\nvar evf_settings = {\"currency_code\":\"EUR\",\"currency_thousands\":\".\",\"currency_decimal\":\",\",\"currency_symbol\":\"\\u20ac\",\"currency_symbol_pos\":\"right\"}\n\/* ]]> *\/\n<\/script>\n<div class=\"evf-container default\" id=\"evf-35407\"><form id=\"evf-form-35407\" class=\"everest-form\" data-formid=\"35407\" data-ajax_submission=\"0\" data-keyboard_friendly_form=\"0\" data-form_state_type=\"\" method=\"post\" enctype=\"multipart\/form-data\" action=\"\/eu\/wp-json\/wp\/v2\/pages\/35606\"><div class=\"evf-field-container\"><input type=\"hidden\" id=\"_wpnonce35407\" name=\"_wpnonce35407\" value=\"6057546d04\" \/><input type=\"hidden\" name=\"_wp_http_referer\" value=\"\/eu\/wp-json\/wp\/v2\/pages\/35606\" \/><div class=\"evf-frontend-row\" data-row=\"row_1\" conditional_rules=\"[]\"><div class=\"evf-frontend-grid evf-grid-2\" data-grid=\"grid_1\"><div id=\"evf-35407-field_ys0GeZISRs-1-container\" class=\"evf-field evf-field-first-name form-row validate-required\" data-required-field-message=\"Este campo es obligatorio.\" data-field-id=\"ys0GeZISRs-1\"><label class=\"evf-field-label\" for=\"evf-35407-field_ys0GeZISRs-1\"><span class=\"evf-label\">Izena<\/span> <abbr class=\"required\" title=\"Required\">*<\/abbr><\/label><input type=\"text\" id=\"evf-35407-field_ys0GeZISRs-1\" class=\"input-text\" name=\"everest_forms[form_fields][ys0GeZISRs-1]\" conditional_id=\"ys0GeZISRs-1\" required><\/div><\/div><div class=\"evf-frontend-grid evf-grid-2\" data-grid=\"grid_2\"><div id=\"evf-35407-field_LbH5NxasXM-2-container\" class=\"evf-field evf-field-email form-row validate-required validate-email\" data-required-field-message=\"Por favor, usa una direcci\u00f3n de correo electr\u00f3nico v\u00e1lida.\" data-field-id=\"LbH5NxasXM-2\"><label class=\"evf-field-label\" for=\"evf-35407-field_LbH5NxasXM-2\"><span class=\"evf-label\">Email<\/span> <abbr class=\"required\" title=\"Required\">*<\/abbr><\/label><input type=\"email\" id=\"evf-35407-field_LbH5NxasXM-2\" class=\"input-text\" name=\"everest_forms[form_fields][LbH5NxasXM-2]\" conditional_id=\"LbH5NxasXM-2\" required ><\/div><\/div><\/div><div class=\"evf-frontend-row\" data-row=\"row_2\" conditional_rules=\"[]\"><div class=\"evf-frontend-grid evf-grid-1\" data-grid=\"grid_1\"><div id=\"evf-35407-field_YVwi8RuVBO-10-container\" class=\"evf-field evf-field-textarea form-row\" data-field-id=\"YVwi8RuVBO-10\"><label class=\"evf-field-label\" for=\"evf-35407-field_YVwi8RuVBO-10\"><span class=\"evf-label\">Gaia<\/span> <\/label><textarea id=\"evf-35407-field_YVwi8RuVBO-10\" class=\"input-text\" name=\"everest_forms[form_fields][YVwi8RuVBO-10]\" conditional_id=\"YVwi8RuVBO-10\"  ><\/textarea><\/div><div id=\"evf-35407-field_LHSsyrqlvD-11-container\" class=\"evf-field evf-field-checkbox form-row validate-required\" data-required-field-message=\"Este campo es obligatorio.\" data-field-id=\"LHSsyrqlvD-11\"><label class=\"evf-field-label evf-label-hide\" for=\"evf-35407-field_LHSsyrqlvD-11\"><span class=\"evf-label\">Aceptacion de pol\u00edtica de privacidad<\/span> <abbr class=\"required\" title=\"Required\">*<\/abbr><\/label><ul id=\"evf-35407-field_LHSsyrqlvD-11\" class=\" evf-field-required\"><li class=\"choice-1 depth-1\"><input type=\"checkbox\" id=\"evf-35407-field_LHSsyrqlvD-11_1\" class=\"input-text\" name=\"everest_forms[form_fields][LHSsyrqlvD-11][]\" value=\"&lt;a target=&quot;_blank&quot; href=&quot;\/pribatutasun-politika&quot;&gt;Pribatutasun-politika&lt;\/a&gt; onartzen dut&lt;abbr class=&quot;required&quot;&gt;*&lt;\/abbr&gt;\" conditional_id=\"LHSsyrqlvD-11\" required ><label class=\"everest-forms-field-label-inline\" for=\"evf-35407-field_LHSsyrqlvD-11_1\"><a target=\"_blank\" href=\"\/pribatutasun-politika\">Pribatutasun-politika<\/a> onartzen dut<abbr class=\"required\">*<\/abbr><\/label><\/li><\/ul><\/div><div id=\"evf-35407-field_HSaL41zodB-15-container\" class=\"evf-field evf-field-recaptcha form-row\" data-field-id=\"HSaL41zodB-15\"><div class=\"evf-recaptcha-container recaptcha-hidden\" style=\"display:block\"><input type=\"hidden\" name=\"everest_forms[recaptcha]\" value=\"\"><\/div><\/div><\/div><\/div><\/div><div class=\"evf-honeypot-container evf-field-hp\"><label for=\"evf-35407-field-hp\" class=\"evf-field-label\">Email<\/label><input type=\"text\" name=\"everest_forms[hp]\" id=\"evf-35407-field-hp\" class=\"input-text\"><\/div><div class=\"evf-submit-container \" ><input type=\"hidden\" name=\"everest_forms[id]\" value=\"35407\"><input type=\"hidden\" name=\"everest_forms[author]\" value=\"17\"><button type='submit' name='everest_forms[submit]' class='everest-forms-submit-button button evf-submit ' id='evf-submit-35407' value='evf-submit' data-process-text=\"EN PROCESO\u2026\" conditional_rules='&quot;&quot;' conditional_id='evf-submit-35407'  id=\"evf-submit-35407\" aria-live=\"assertive\">BIDALI<\/button><\/div><\/form><\/div><!-- .evf-container --><\/div>\n<div id=\"gtx-trans\" style=\"position: absolute; left: 211px; top: 37px;\">\n<div class=\"gtx-trans-icon\"><\/div>\n<\/div>\n<p>[\/vc_column_text][\/vc_column][\/vc_row]<\/p>\n<\/div>","protected":false},"excerpt":{"rendered":"<p>[vc_row full_width=&#8221;stretch_row&#8221; content_placement=&#8221;top&#8221; css=&#8221;.vc_custom_1716389827448{margin-bottom: 30px !important;background-image: url(https:\/\/www.fpsanturtzilh.eus\/wp-content\/uploads\/2024\/05\/cab-internacionalizacion.jpg?id=34611) !important;background-position: 0 0 !important;background-repeat: no-repeat !important;}&#8221;][vc_column css=&#8221;.vc_custom_1591438470376{margin-top: 200px !important;}&#8221;][vc_column_text el_class=&#8221;blanco&#8221;] NAZIOARTEKOTZEA [\/vc_column_text][\/vc_column][\/vc_row][vc_row css=&#8221;.vc_custom_1716362960271{margin-top: 0px !important;padding-top: 0px !important;}&#8221;][vc_column width=&#8221;1\/2&#8243;][vc_column_text]Santurtzi LHn<span class=\"excerpt-hellip\"> [\u2026]<\/span><\/p>\n","protected":false},"author":17,"featured_media":0,"parent":0,"menu_order":0,"comment_status":"closed","ping_status":"closed","template":"","meta":{"footnotes":""},"categories":[],"tags":[],"class_list":["post-35606","page","type-page","status-publish","hentry"],"_links":{"self":[{"href":"https:\/\/www.fpsanturtzilh.eus\/eu\/wp-json\/wp\/v2\/pages\/35606","targetHints":{"allow":["GET"]}}],"collection":[{"href":"https:\/\/www.fpsanturtzilh.eus\/eu\/wp-json\/wp\/v2\/pages"}],"about":[{"href":"https:\/\/www.fpsanturtzilh.eus\/eu\/wp-json\/wp\/v2\/types\/page"}],"author":[{"embeddable":true,"href":"https:\/\/www.fpsanturtzilh.eus\/eu\/wp-json\/wp\/v2\/users\/17"}],"replies":[{"embeddable":true,"href":"https:\/\/www.fpsanturtzilh.eus\/eu\/wp-json\/wp\/v2\/comments?post=35606"}],"version-history":[{"count":0,"href":"https:\/\/www.fpsanturtzilh.eus\/eu\/wp-json\/wp\/v2\/pages\/35606\/revisions"}],"wp:attachment":[{"href":"https:\/\/www.fpsanturtzilh.eus\/eu\/wp-json\/wp\/v2\/media?parent=35606"}],"wp:term":[{"taxonomy":"category","embeddable":true,"href":"https:\/\/www.fpsanturtzilh.eus\/eu\/wp-json\/wp\/v2\/categories?post=35606"},{"taxonomy":"post_tag","embeddable":true,"href":"https:\/\/www.fpsanturtzilh.eus\/eu\/wp-json\/wp\/v2\/tags?post=35606"}],"curies":[{"name":"wp","href":"https:\/\/api.w.org\/{rel}","templated":true}]}}