{"id":33927,"date":"2024-05-06T16:15:40","date_gmt":"2024-05-06T14:15:40","guid":{"rendered":"https:\/\/www.fpsanturtzilh.eus\/?page_id=33927"},"modified":"2024-05-09T12:19:42","modified_gmt":"2024-05-09T10:19:42","slug":"5g-sareak-inplementatzeaa","status":"publish","type":"page","link":"https:\/\/www.fpsanturtzilh.eus\/eu\/inicio\/heziketa\/espezializazio-ikastaroak\/5g-sareak-inplementatzeaa\/","title":{"rendered":"5G sareak inplementatzea"},"content":{"rendered":"<div class=\"wpb-content-wrapper\"><p>[vc_row full_width=&#8221;stretch_row&#8221; content_placement=&#8221;top&#8221; css=&#8221;.vc_custom_1715003789942{margin-bottom: 30px !important;background-image: url(https:\/\/www.fpsanturtzilh.eus\/wp-content\/uploads\/2024\/05\/cab-5G-1.jpg?id=33942) !important;background-position: 0 0 !important;background-repeat: no-repeat !important;}&#8221;][vc_column width=&#8221;1\/2&#8243; css=&#8221;.vc_custom_1591438470376{margin-top: 200px !important;}&#8221; el_id=&#8221;h1 de la ficha de estudio&#8221;][vc_column_text el_class=&#8221;blanco h1conformulario&#8221;]<\/p>\n<h1 class=\"h1conform\">5G sareen inplementazioa<\/h1>\n<p>[\/vc_column_text][\/vc_column][vc_column width=&#8221;1\/2&#8243; css=&#8221;.vc_custom_1589412812460{margin-top: 100px !important;border-top-width: 3px !important;border-right-width: 3px !important;border-bottom-width: 3px !important;border-left-width: 3px !important;padding-right: 50px !important;padding-left: 50px !important;background-color: rgba(87,182,178,0.75) !important;*background-color: rgb(87,182,178) !important;border-left-color: rgba(255,255,255,0.49) !important;border-left-style: solid !important;border-right-color: rgba(255,255,255,0.49) !important;border-right-style: solid !important;border-top-color: rgba(255,255,255,0.49) !important;border-top-style: solid !important;border-bottom-color: rgba(255,255,255,0.49) !important;border-bottom-style: solid !important;border-radius: 20px !important;}&#8221;][vc_column_text el_class=&#8221;blanco&#8221;]<\/p>\n<h3>INFORMAZIO GEHIAGO ESKATU<\/h3>\n<div class=\"everest-forms\"><script type='text\/javascript'>\n\/* <![CDATA[ *\/\nvar evf_settings = {\"currency_code\":\"EUR\",\"currency_thousands\":\".\",\"currency_decimal\":\",\",\"currency_symbol\":\"\\u20ac\",\"currency_symbol_pos\":\"right\"}\n\/* ]]> *\/\n<\/script>\n<div class=\"evf-container default\" id=\"evf-7267\"><form id=\"evf-form-7267\" class=\"everest-form\" data-formid=\"7267\" data-ajax_submission=\"0\" data-keyboard_friendly_form=\"0\" data-form_state_type=\"\" method=\"post\" enctype=\"multipart\/form-data\" action=\"\/eu\/wp-json\/wp\/v2\/pages\/33927\"><div class=\"evf-field-container\"><input type=\"hidden\" id=\"_wpnonce7267\" name=\"_wpnonce7267\" value=\"6057546d04\" \/><input type=\"hidden\" name=\"_wp_http_referer\" value=\"\/eu\/wp-json\/wp\/v2\/pages\/33927\" \/><div class=\"evf-frontend-row\" data-row=\"row_1\" conditional_rules=\"[]\"><div class=\"evf-frontend-grid evf-grid-2\" data-grid=\"grid_1\"><div id=\"evf-7267-field_ys0GeZISRs-1-container\" class=\"evf-field evf-field-first-name form-row validate-required\" data-required-field-message=\"Este campo es obligatorio.\" data-field-id=\"ys0GeZISRs-1\"><label class=\"evf-field-label\" for=\"evf-7267-field_ys0GeZISRs-1\"><span class=\"evf-label\">Izena<\/span> <abbr class=\"required\" title=\"Required\">*<\/abbr><\/label><input type=\"text\" id=\"evf-7267-field_ys0GeZISRs-1\" class=\"input-text\" name=\"everest_forms[form_fields][ys0GeZISRs-1]\" conditional_id=\"ys0GeZISRs-1\" required><\/div><div id=\"evf-7267-field_FvwCk28qgl-14-container\" class=\"evf-field evf-field-phone form-row validate-phone\" data-field-id=\"FvwCk28qgl-14\"><label class=\"evf-field-label\" for=\"evf-7267-field_FvwCk28qgl-14\"><span class=\"evf-label\">Telefono zenbakia<\/span> <\/label><input type=\"tel\" id=\"evf-7267-field_FvwCk28qgl-14\" class=\"input-text evf-smart-phone-field\" data-rule-smart-phone-field=\"true\" name=\"everest_forms[form_fields][FvwCk28qgl-14]\" conditional_id=\"FvwCk28qgl-14\" ><\/div><\/div><div class=\"evf-frontend-grid evf-grid-2\" data-grid=\"grid_2\"><div id=\"evf-7267-field_LbH5NxasXM-2-container\" class=\"evf-field evf-field-email form-row validate-required validate-email\" data-required-field-message=\"Por favor, usa una direcci\u00f3n de correo electr\u00f3nico v\u00e1lida.\" data-field-id=\"LbH5NxasXM-2\"><label class=\"evf-field-label\" for=\"evf-7267-field_LbH5NxasXM-2\"><span class=\"evf-label\">Helbide elektronikoa<\/span> <abbr class=\"required\" title=\"Required\">*<\/abbr><\/label><input type=\"email\" id=\"evf-7267-field_LbH5NxasXM-2\" class=\"input-text\" name=\"everest_forms[form_fields][LbH5NxasXM-2]\" conditional_id=\"LbH5NxasXM-2\" required ><\/div><\/div><\/div><div class=\"evf-frontend-row\" data-row=\"row_2\" conditional_rules=\"[]\"><div class=\"evf-frontend-grid evf-grid-1\" data-grid=\"grid_1\"><div id=\"evf-7267-field_YVwi8RuVBO-10-container\" class=\"evf-field evf-field-textarea form-row\" data-field-id=\"YVwi8RuVBO-10\"><label class=\"evf-field-label\" for=\"evf-7267-field_YVwi8RuVBO-10\"><span class=\"evf-label\">Gaia<\/span> <\/label><textarea id=\"evf-7267-field_YVwi8RuVBO-10\" class=\"input-text\" name=\"everest_forms[form_fields][YVwi8RuVBO-10]\" conditional_id=\"YVwi8RuVBO-10\"  ><\/textarea><\/div><div id=\"evf-7267-field_LHSsyrqlvD-11-container\" class=\"evf-field evf-field-checkbox form-row validate-required\" data-required-field-message=\"Este campo es obligatorio.\" data-field-id=\"LHSsyrqlvD-11\"><label class=\"evf-field-label evf-label-hide\" for=\"evf-7267-field_LHSsyrqlvD-11\"><span class=\"evf-label\">Aceptacion de pol\u00edtica de privacidad<\/span> <abbr class=\"required\" title=\"Required\">*<\/abbr><\/label><ul id=\"evf-7267-field_LHSsyrqlvD-11\" class=\" evf-field-required\"><li class=\"choice-1 depth-1\"><input type=\"checkbox\" id=\"evf-7267-field_LHSsyrqlvD-11_1\" class=\"input-text\" name=\"everest_forms[form_fields][LHSsyrqlvD-11][]\" value=\"&lt;a target=&quot;_blank&quot; href=&quot;\/pribatutasun-politika&quot;&gt;Pribatutasun-politika&lt;\/a&gt; onartzen dut&lt;abbr class=&quot;required&quot;&gt;*&lt;\/abbr&gt;\" conditional_id=\"LHSsyrqlvD-11\" required ><label class=\"everest-forms-field-label-inline\" for=\"evf-7267-field_LHSsyrqlvD-11_1\"><a target=\"_blank\" href=\"\/pribatutasun-politika\">Pribatutasun-politika<\/a> onartzen dut<abbr class=\"required\">*<\/abbr><\/label><\/li><\/ul><\/div><div id=\"evf-7267-field_kL6nDiqpy3-15-container\" class=\"evf-field evf-field-recaptcha form-row\" data-field-id=\"kL6nDiqpy3-15\"><div class=\"evf-recaptcha-container recaptcha-hidden\" style=\"display:block\"><input type=\"hidden\" name=\"everest_forms[recaptcha]\" value=\"\"><\/div><\/div><\/div><\/div><\/div><div class=\"evf-honeypot-container evf-field-hp\"><label for=\"evf-7267-field-hp\" class=\"evf-field-label\">Comment<\/label><input type=\"text\" name=\"everest_forms[hp]\" id=\"evf-7267-field-hp\" class=\"input-text\"><\/div><div class=\"evf-submit-container \" ><input type=\"hidden\" name=\"everest_forms[id]\" value=\"7267\"><input type=\"hidden\" name=\"everest_forms[author]\" value=\"17\"><button type='submit' name='everest_forms[submit]' class='everest-forms-submit-button button evf-submit ' id='evf-submit-7267' value='evf-submit' data-process-text=\"EN PROCESO\u2026\" conditional_rules='&quot;&quot;' conditional_id='evf-submit-7267'  id=\"evf-submit-7267\" aria-live=\"assertive\">BIDALI<\/button><\/div><\/form><\/div><!-- .evf-container --><\/div>[\/vc_column_text][\/vc_column][\/vc_row][vc_row gap=&#8221;35&#8243; el_id=&#8221;descripci\u00f3n ciclo&#8221;][vc_column width=&#8221;1\/2&#8243;][vc_column_text]Izan zaitez teknologia mugikorreko azken berrikuntzen bidezko eraldaketa digitalaren parte. <strong>Espezializazio ikastaro<\/strong> honetan zehar, <strong>5G sareak<\/strong> arrakastaz ezartzeko behar diren oinarri teknikoak, aplikazio praktikoak eta kudeaketa-estrategiak aztertuko dituzu.<\/p>\n<div id=\"gtx-trans\" style=\"position: absolute; left: 273px; top: 62px;\">\n<div class=\"gtx-trans-icon\"><\/div>\n<\/div>\n<p>[\/vc_column_text][vc_zigzag el_border_width=&#8221;8&#8243; css=&#8221;.vc_custom_1677498214074{margin-top: 0px !important;margin-bottom: 0px !important;padding-top: 0px !important;padding-bottom: 0px !important;}&#8221;][vc_column_text el_class=&#8221;blanco h1conformulario&#8221; css=&#8221;.vc_custom_1715171366620{margin-top: 0px !important;padding-top: 0px !important;}&#8221;]<img decoding=\"async\" class=\"alignnone wp-image-25409\" src=\"https:\/\/www.fpsanturtzilh.eus\/wp-content\/uploads\/2023\/02\/ELE-eu-300x137.png\" alt=\"\" width=\"208\" height=\"95\" srcset=\"https:\/\/www.fpsanturtzilh.eus\/wp-content\/uploads\/2023\/02\/ELE-eu-300x137.png 300w, https:\/\/www.fpsanturtzilh.eus\/wp-content\/uploads\/2023\/02\/ELE-eu-768x351.png 768w, https:\/\/www.fpsanturtzilh.eus\/wp-content\/uploads\/2023\/02\/ELE-eu-260x119.png 260w, https:\/\/www.fpsanturtzilh.eus\/wp-content\/uploads\/2023\/02\/ELE-eu-50x23.png 50w, https:\/\/www.fpsanturtzilh.eus\/wp-content\/uploads\/2023\/02\/ELE-eu-150x69.png 150w, https:\/\/www.fpsanturtzilh.eus\/wp-content\/uploads\/2023\/02\/ELE-eu.png 997w\" sizes=\"(max-width:767px) 208px, 208px\" \/>[\/vc_column_text][\/vc_column][vc_column width=&#8221;1\/2&#8243;][vc_single_image image=&#8221;33951&#8243; img_size=&#8221;large&#8221; style=&#8221;vc_box_border&#8221;][\/vc_column][\/vc_row][vc_row el_id=&#8221;Plan de formaci\u00f3n&#8221;][vc_column][vc_custom_heading text=&#8221;Prestakuntza-plana&#8221; use_theme_fonts=&#8221;yes&#8221;][vc_column_text]165 ordu[\/vc_column_text][\/vc_column][\/vc_row][vc_row el_id=&#8221;Plan de formaci\u00f3n&#8221;][vc_column css=&#8221;.vc_custom_1589411879846{border-radius: 35px !important;}&#8221;][vc_column_text]\n<table id=\"tablepress-CopiadeImplementacinderedes5G-eu\" class=\"tablepress tablepress-id-CopiadeImplementacinderedes5G-eu\">\n<thead>\n<tr class=\"row-1\">\n\t<th class=\"column-1\">MODULUAK<\/th><th class=\"column-2\">IRAUPENA<\/th>\n<\/tr>\n<\/thead>\n<tbody class=\"row-striping row-hover\">\n<tr class=\"row-2\">\n\t<td class=\"column-1\">5G sareen inplementazioa<\/td><td class=\"column-2\">110 ordu<\/td>\n<\/tr>\n<tr class=\"row-3\">\n\t<td class=\"column-1\">5G azpiegiturak eta sareak mantentzea<\/td><td class=\"column-2\">55 ordu<\/td>\n<\/tr>\n<\/tbody>\n<\/table>\n<!-- #tablepress-CopiadeImplementacinderedes5G-eu from cache -->[\/vc_column_text][\/vc_column][\/vc_row][vc_row equal_height=&#8221;yes&#8221; content_placement=&#8221;top&#8221; el_id=&#8221;Informaci\u00f3n complementaria&#8221;][vc_column width=&#8221;1\/2&#8243;][vc_column_text]<\/p>\n<h2>Edukiak eta informazio osagarria<\/h2>\n<p>[\/vc_column_text][vc_row_inner][vc_column_inner width=&#8221;1\/6&#8243;][vc_icon icon_fontawesome=&#8221;fas fa-link&#8221; color=&#8221;custom&#8221; size=&#8221;xl&#8221; css_animation=&#8221;none&#8221; custom_color=&#8221;#546e7a&#8221;][\/vc_column_inner][vc_column_inner width=&#8221;2\/3&#8243;][vc_column_text]<\/p>\n<h5><strong>LHren Ezagutzaren Euskal Institutua<\/strong><\/h5>\n<p><a href=\"https:\/\/ivac-eei.eus\/eu\/lanbide-arloak\/elektrizitatea-eta-elektronika-ele\/espezializazioak\/5g-sareen-inplementazioko-espezializazio-ikastaroa.html\">5G sareen inplementazioko espezializazio-ikastaroa<\/a><a href=\"https:\/\/ivac-eei.eus\/\/upload\/cf\/documentos\/69\/ifc_ts_des_apl_web_dcb_c.pdf\"><br \/>\n<\/a>[\/vc_column_text][\/vc_column_inner][vc_column_inner width=&#8221;1\/6&#8243;][\/vc_column_inner][\/vc_row_inner][\/vc_column][vc_column width=&#8221;1\/2&#8243;][vc_column_text]<\/p>\n<h2>Araudia<\/h2>\n<ul>\n<li><a href=\"https:\/\/ivac-eei.eus\/\/upload\/sp\/documentos\/278\/ele_ce2_imp_red_5g_rd.pdf\"> 262\/2021 Errege Dekretua, apirilaren 13koa, 5G sareak inplementatzeko Espezializazio-ikastaroa ezartzen duena<\/a><\/li>\n<\/ul>\n<p>[\/vc_column_text][\/vc_column][\/vc_row][vc_row full_width=&#8221;stretch_row&#8221; css=&#8221;.vc_custom_1589415056295{padding-top: 30px !important;padding-bottom: 30px !important;background: #57b6b2 url(http:\/\/www.fpsanturtzilh.eus\/wp-content\/uploads\/2020\/05\/fondo-suscribe-6.png?id=903) !important;background-position: center !important;background-repeat: no-repeat !important;background-size: cover !important;}&#8221; el_id=&#8221;solicita informaci\u00f3n 2&#8243;][vc_column width=&#8221;1\/6&#8243;][vc_icon type=&#8221;linecons&#8221; icon_linecons=&#8221;vc_li vc_li-news&#8221; color=&#8221;custom&#8221; size=&#8221;xl&#8221; custom_color=&#8221;#ffffff&#8221; el_class=&#8221;icono36&#8243;][\/vc_column][vc_column width=&#8221;2\/4&#8243;][vc_column_text el_class=&#8221;blanco&#8221;]<\/p>\n<h4>Harpidetu gure buletinera eta jaso gure berriak<\/h4>\n<div class=\"MailRelayForm\">\n\t\t<form enctype=\"application\/x-www-form-urlencoded\" action=\"https:\/\/fpsanjorge1.ipzmarketing.com\/f\/B7llxNyxuXg\" method=\"post\">\n\n\t\t<div class=\"form-group\">\n\t\t\t<div class=\"col-lg-12\">\n\t\t\t\t<div class=\"input-group\" style=\"max-width: 358px;\">\n\t\t\t\t\t<input  style=\"padding:18px;\" class=\"form-control\"  placeholder=\"Zure posta elektronikoa\"  type=\"text\"  name=\"subscriber[email]\" id=\"subscriber_email\" value=\"\" required><span class=\"input-group-btn\"><button  type=\"submit\" class=\"btn btn-primary\" >Bidali <\/button><\/span>\n\t\t\t\t<\/div>\n\t\t\t<\/div>\n\t\t<\/div>\n\n\t\t<div class=\"checkbox\">\n\t\t\t<div class=\"col-lg-12\">\n\t\t\t\t<label class=\"checkbox-inline small\" for=\"subscriber_subscribed_with_acceptance\"><input  required class=\"small boolean optional\" type=\"checkbox\" value=\"1\" name=\"subscriber[custom_fields][1]\" id=\"subscriber_custom_fields_1\" \/> <a href=\"\/eu\/pribatutasun-politika\" target=\"_blank\">Pribatutasun politika<\/a> onartzen dut<\/a><\/label>\n\t\t\t<\/div>\n\t\t<\/div>\n\n\t\t<input type=\"hidden\" name=\"groups[]\" value=\"2\">\n\t\t<input value=\"0\" type=\"hidden\" name=\"subscriber[custom_fields][1]\" \/>\n\t\t<input type=\"text\" name=\"anotheremail\" id=\"anotheremail\" style=\"position: absolute; left: -5000px\" tabindex=\"-1\" autocomplete=\"off\" \/>\n\t\t<\/form>\n\t\t<\/div>\t\n\t[\/vc_column_text][\/vc_column][\/vc_row][vc_row el_id=&#8221;al finalizar mis estudios \u00bfque hago?&#8221;][vc_column][vc_column_text]<\/p>\n<h2>Ikasketak amaitzean, zer egin dezaket?<\/h2>\n<p>[\/vc_column_text][\/vc_column][\/vc_row][vc_row full_width=&#8221;stretch_row&#8221; gap=&#8221;15&#8243; css=&#8221;.vc_custom_1591447953812{padding-top: 30px !important;padding-bottom: 30px !important;background-position: center !important;background-repeat: no-repeat !important;background-size: cover !important;}&#8221; el_id=&#8221;Al finalizar mis estudios \u00bfqu\u00e9 puedo hacer?&#8221;][vc_column width=&#8221;1\/3&#8243;][vc_icon icon_fontawesome=&#8221;fas fa-route&#8221; color=&#8221;custom&#8221; size=&#8221;xl&#8221; align=&#8221;center&#8221; custom_color=&#8221;#1c355e&#8221; el_class=&#8221;icono56&#8243;][\/vc_column][vc_column width=&#8221;1\/3&#8243;][vc_column_text]<\/p>\n<h3>Lan egitea<\/h3>\n<p>Industria digitalarekin lotutako enpresetan, baldin eta haien jarduerak sare mugikorren teknologia berriekin lotuta badaude.<\/p>\n<p>Eremu horren barruan, rol espezializatuak daude, besteak beste, 5g sareen funtzionamendu egokirako beharrezkoa den azpiegitura instalatzea eta mantentzea, eta sareko atalen arteko kohesioa eta eraginkortasuna ziurtatzen duten interkonexioak kudeatzea eta gainbegiratzea.[\/vc_column_text][\/vc_column][vc_column width=&#8221;1\/3&#8243;][vc_column_text]<\/p>\n<h3>Ikasten jarraitzea<\/h3>\n<ul>\n<li>Beste espezializazio-ikastaro batzuekin.<\/li>\n<li>Erdi-mailako edo goi-mailako lanbide heziketako ziklo bat, sartzeko baldintzak betetzen badira.<\/li>\n<\/ul>\n<p>[\/vc_column_text][\/vc_column][\/vc_row][vc_row full_width=&#8221;stretch_row&#8221; el_id=&#8221;salida profesionales&#8221; css=&#8221;.vc_custom_1589381173791{background-color: rgba(87,182,178,0.2) !important;*background-color: rgb(87,182,178) !important;}&#8221;][vc_column][vc_column_text]<\/p>\n<h2>Irtenbide profesionalak<\/h2>\n<p>[\/vc_column_text][\/vc_column][\/vc_row][vc_row full_width=&#8221;stretch_row&#8221; gap=&#8221;15&#8243; css=&#8221;.vc_custom_1591452558697{padding-bottom: 20px !important;background-color: rgba(87,182,178,0.2) !important;background-position: center !important;background-repeat: no-repeat !important;background-size: cover !important;*background-color: rgb(87,182,178) !important;}&#8221; el_id=&#8221;salida profesionales&#8221;][vc_column width=&#8221;1\/3&#8243;][vc_column_text]<\/p>\n<ul>\n<li>5G sareen azpiegitura eta datu-zentroetan dauden interkonexio-ekipoak inplementatzea eta mantentzea.<\/li>\n<\/ul>\n<p>[\/vc_column_text][\/vc_column][vc_column width=&#8221;1\/3&#8243;][\/vc_column][vc_column width=&#8221;1\/3&#8243;][vc_single_image image=&#8221;1139&#8243; img_size=&#8221;large&#8221;][\/vc_column][\/vc_row][vc_row full_width=&#8221;stretch_row&#8221; gap=&#8221;35&#8243; css=&#8221;.vc_custom_1591522812547{padding-top: 0px !important;padding-bottom: 0px !important;background-image: url(http:\/\/www.fpsanturtzilh.eus\/wp-content\/uploads\/2020\/06\/2645-scaled.jpg?id=986) !important;background-position: center !important;background-repeat: no-repeat !important;background-size: cover !important;}&#8221;][vc_column width=&#8221;1\/3&#8243;][vc_column_text el_class=&#8221;blanco&#8221;]<\/p>\n<h2>5G sareen inplementazioari buruzko informazioa eskatzen dut<\/h2>\n<p>[\/vc_column_text][\/vc_column][vc_column width=&#8221;2\/3&#8243; css=&#8221;.vc_custom_1593154800373{padding-top: 40px !important;padding-right: 40px !important;padding-bottom: 40px !important;padding-left: 40px !important;background-color: rgba(82,189,195,0.25) !important;*background-color: rgb(82,189,195) !important;}&#8221;][vc_column_text]<div class=\"everest-forms\"><script type='text\/javascript'>\n\/* <![CDATA[ *\/\nvar evf_settings = {\"currency_code\":\"EUR\",\"currency_thousands\":\".\",\"currency_decimal\":\",\",\"currency_symbol\":\"\\u20ac\",\"currency_symbol_pos\":\"right\"}\n\/* ]]> *\/\n<\/script>\n<div class=\"evf-container default\" id=\"evf-7267\"><form id=\"evf-form-7267\" class=\"everest-form\" data-formid=\"7267\" data-ajax_submission=\"0\" data-keyboard_friendly_form=\"0\" data-form_state_type=\"\" method=\"post\" enctype=\"multipart\/form-data\" action=\"\/eu\/wp-json\/wp\/v2\/pages\/33927\"><div class=\"evf-field-container\"><input type=\"hidden\" id=\"_wpnonce7267\" name=\"_wpnonce7267\" value=\"6057546d04\" \/><input type=\"hidden\" name=\"_wp_http_referer\" value=\"\/eu\/wp-json\/wp\/v2\/pages\/33927\" \/><div class=\"evf-frontend-row\" data-row=\"row_1\" conditional_rules=\"[]\"><div class=\"evf-frontend-grid evf-grid-2\" data-grid=\"grid_1\"><div id=\"evf-7267-field_ys0GeZISRs-1-container\" class=\"evf-field evf-field-first-name form-row validate-required\" data-required-field-message=\"Este campo es obligatorio.\" data-field-id=\"ys0GeZISRs-1\"><label class=\"evf-field-label\" for=\"evf-7267-field_ys0GeZISRs-1\"><span class=\"evf-label\">Izena<\/span> <abbr class=\"required\" title=\"Required\">*<\/abbr><\/label><input type=\"text\" id=\"evf-7267-field_ys0GeZISRs-1\" class=\"input-text\" name=\"everest_forms[form_fields][ys0GeZISRs-1]\" conditional_id=\"ys0GeZISRs-1\" required><\/div><div id=\"evf-7267-field_FvwCk28qgl-14-container\" class=\"evf-field evf-field-phone form-row validate-phone\" data-field-id=\"FvwCk28qgl-14\"><label class=\"evf-field-label\" for=\"evf-7267-field_FvwCk28qgl-14\"><span class=\"evf-label\">Telefono zenbakia<\/span> <\/label><input type=\"tel\" id=\"evf-7267-field_FvwCk28qgl-14\" class=\"input-text evf-smart-phone-field\" data-rule-smart-phone-field=\"true\" name=\"everest_forms[form_fields][FvwCk28qgl-14]\" conditional_id=\"FvwCk28qgl-14\" ><\/div><\/div><div class=\"evf-frontend-grid evf-grid-2\" data-grid=\"grid_2\"><div id=\"evf-7267-field_LbH5NxasXM-2-container\" class=\"evf-field evf-field-email form-row validate-required validate-email\" data-required-field-message=\"Por favor, usa una direcci\u00f3n de correo electr\u00f3nico v\u00e1lida.\" data-field-id=\"LbH5NxasXM-2\"><label class=\"evf-field-label\" for=\"evf-7267-field_LbH5NxasXM-2\"><span class=\"evf-label\">Helbide elektronikoa<\/span> <abbr class=\"required\" title=\"Required\">*<\/abbr><\/label><input type=\"email\" id=\"evf-7267-field_LbH5NxasXM-2\" class=\"input-text\" name=\"everest_forms[form_fields][LbH5NxasXM-2]\" conditional_id=\"LbH5NxasXM-2\" required ><\/div><\/div><\/div><div class=\"evf-frontend-row\" data-row=\"row_2\" conditional_rules=\"[]\"><div class=\"evf-frontend-grid evf-grid-1\" data-grid=\"grid_1\"><div id=\"evf-7267-field_YVwi8RuVBO-10-container\" class=\"evf-field evf-field-textarea form-row\" data-field-id=\"YVwi8RuVBO-10\"><label class=\"evf-field-label\" for=\"evf-7267-field_YVwi8RuVBO-10\"><span class=\"evf-label\">Gaia<\/span> <\/label><textarea id=\"evf-7267-field_YVwi8RuVBO-10\" class=\"input-text\" name=\"everest_forms[form_fields][YVwi8RuVBO-10]\" conditional_id=\"YVwi8RuVBO-10\"  ><\/textarea><\/div><div id=\"evf-7267-field_LHSsyrqlvD-11-container\" class=\"evf-field evf-field-checkbox form-row validate-required\" data-required-field-message=\"Este campo es obligatorio.\" data-field-id=\"LHSsyrqlvD-11\"><label class=\"evf-field-label evf-label-hide\" for=\"evf-7267-field_LHSsyrqlvD-11\"><span class=\"evf-label\">Aceptacion de pol\u00edtica de privacidad<\/span> <abbr class=\"required\" title=\"Required\">*<\/abbr><\/label><ul id=\"evf-7267-field_LHSsyrqlvD-11\" class=\" evf-field-required\"><li class=\"choice-1 depth-1\"><input type=\"checkbox\" id=\"evf-7267-field_LHSsyrqlvD-11_1\" class=\"input-text\" name=\"everest_forms[form_fields][LHSsyrqlvD-11][]\" value=\"&lt;a target=&quot;_blank&quot; href=&quot;\/pribatutasun-politika&quot;&gt;Pribatutasun-politika&lt;\/a&gt; onartzen dut&lt;abbr class=&quot;required&quot;&gt;*&lt;\/abbr&gt;\" conditional_id=\"LHSsyrqlvD-11\" required ><label class=\"everest-forms-field-label-inline\" for=\"evf-7267-field_LHSsyrqlvD-11_1\"><a target=\"_blank\" href=\"\/pribatutasun-politika\">Pribatutasun-politika<\/a> onartzen dut<abbr class=\"required\">*<\/abbr><\/label><\/li><\/ul><\/div><div id=\"evf-7267-field_kL6nDiqpy3-15-container\" class=\"evf-field evf-field-recaptcha form-row\" data-field-id=\"kL6nDiqpy3-15\"><div class=\"evf-recaptcha-container recaptcha-hidden\" style=\"display:block\"><input type=\"hidden\" name=\"everest_forms[recaptcha]\" value=\"\"><\/div><\/div><\/div><\/div><\/div><div class=\"evf-honeypot-container evf-field-hp\"><label for=\"evf-7267-field-hp\" class=\"evf-field-label\">Website<\/label><input type=\"text\" name=\"everest_forms[hp]\" id=\"evf-7267-field-hp\" class=\"input-text\"><\/div><div class=\"evf-submit-container \" ><input type=\"hidden\" name=\"everest_forms[id]\" value=\"7267\"><input type=\"hidden\" name=\"everest_forms[author]\" value=\"17\"><button type='submit' name='everest_forms[submit]' class='everest-forms-submit-button button evf-submit ' id='evf-submit-7267' value='evf-submit' data-process-text=\"EN PROCESO\u2026\" conditional_rules='&quot;&quot;' conditional_id='evf-submit-7267'  id=\"evf-submit-7267\" aria-live=\"assertive\">BIDALI<\/button><\/div><\/form><\/div><!-- .evf-container --><\/div>[\/vc_column_text][\/vc_column][\/vc_row][vc_row el_id=&#8221;mas ciclos GM&#8221;][vc_column][vc_column_text]<\/p>\n<h2><strong>Informatika eta komunikazioetako heziketa-ziklo gehiago<\/strong><\/h2>\n<p>[\/vc_column_text][\/vc_column][\/vc_row][vc_row][vc_column width=&#8221;1\/3&#8243;][vc_single_image image=&#8221;1206&#8243; img_size=&#8221;large&#8221; alignment=&#8221;center&#8221; style=&#8221;vc_box_border_circle_2&#8243;][vc_column_text]<strong><a href=\"https:\/\/www.fpsanturtzilh.eus\/eu\/inicio\/heziketa\/erdi-mailako-heziketa-zikloak\/telekomunikazio-instalazioak\/\">Telekomunikazio Instalazioak<\/a><br \/>\n(EMHZ)<br \/>\n<\/strong>[\/vc_column_text][\/vc_column][vc_column width=&#8221;1\/3&#8243;][vc_single_image image=&#8221;1209&#8243; img_size=&#8221;large&#8221; alignment=&#8221;center&#8221; style=&#8221;vc_box_border_circle_2&#8243;][vc_column_text]<a href=\"https:\/\/www.fpsanturtzilh.eus\/eu\/inicio\/heziketa\/goi-mailako-heziketa-zikloak\/sistema-elektroteknikoak-eta-automatizatuak\/\"><strong>Sistema elektroteknikoak eta automatizatuak<\/strong><\/a><br \/>\n<strong>(GMHZ)<\/strong>[\/vc_column_text][\/vc_column][vc_column width=&#8221;1\/3&#8243;][vc_single_image image=&#8221;1212&#8243; img_size=&#8221;large&#8221; alignment=&#8221;center&#8221; style=&#8221;vc_box_border_circle_2&#8243;][vc_column_text]<a href=\"https:\/\/www.fpsanturtzilh.eus\/eu\/inicio\/heziketa\/goi-mailako-heziketa-zikloak\/telekomunikazio-eta-informatika-sistemak\/\"><strong>Telekomunikazio- eta informatika-sistemak<\/strong><\/a><br \/>\n<strong>(GMHZ)<\/strong>[\/vc_column_text][\/vc_column][\/vc_row][vc_row full_width=&#8221;stretch_row&#8221; equal_height=&#8221;yes&#8221; content_placement=&#8221;top&#8221; css=&#8221;.vc_custom_1715004213889{background-color: #ddf0f0 !important;}&#8221;][vc_column][vc_single_image image=&#8221;7809&#8243; alignment=&#8221;center&#8221;][vc_column_text]<\/p>\n<h5><a href=\"https:\/\/www.todofp.es\/dam\/jcr:3860cba0-34c1-4c2b-8183-9dd7cf7b750d\/gm-implementacion-de-redes-5g.pdf\" target=\"_blank\" rel=\"noopener\">Information in English<\/a><\/h5>\n<div id=\"malwarebytes-root\"><\/div>\n<p>[\/vc_column_text][\/vc_column][\/vc_row]<\/p>\n<\/div>","protected":false},"excerpt":{"rendered":"<p>[vc_row full_width=&#8221;stretch_row&#8221; content_placement=&#8221;top&#8221; css=&#8221;.vc_custom_1715003789942{margin-bottom: 30px !important;background-image: url(https:\/\/www.fpsanturtzilh.eus\/wp-content\/uploads\/2024\/05\/cab-5G-1.jpg?id=33942) !important;background-position: 0 0 !important;background-repeat: no-repeat !important;}&#8221;][vc_column width=&#8221;1\/2&#8243; css=&#8221;.vc_custom_1591438470376{margin-top: 200px !important;}&#8221; el_id=&#8221;h1 de la ficha de estudio&#8221;][vc_column_text el_class=&#8221;blanco h1conformulario&#8221;] 5G<span class=\"excerpt-hellip\"> [\u2026]<\/span><\/p>\n","protected":false},"author":17,"featured_media":0,"parent":26338,"menu_order":0,"comment_status":"closed","ping_status":"closed","template":"","meta":{"footnotes":""},"categories":[],"tags":[],"class_list":["post-33927","page","type-page","status-publish","hentry"],"_links":{"self":[{"href":"https:\/\/www.fpsanturtzilh.eus\/eu\/wp-json\/wp\/v2\/pages\/33927","targetHints":{"allow":["GET"]}}],"collection":[{"href":"https:\/\/www.fpsanturtzilh.eus\/eu\/wp-json\/wp\/v2\/pages"}],"about":[{"href":"https:\/\/www.fpsanturtzilh.eus\/eu\/wp-json\/wp\/v2\/types\/page"}],"author":[{"embeddable":true,"href":"https:\/\/www.fpsanturtzilh.eus\/eu\/wp-json\/wp\/v2\/users\/17"}],"replies":[{"embeddable":true,"href":"https:\/\/www.fpsanturtzilh.eus\/eu\/wp-json\/wp\/v2\/comments?post=33927"}],"version-history":[{"count":0,"href":"https:\/\/www.fpsanturtzilh.eus\/eu\/wp-json\/wp\/v2\/pages\/33927\/revisions"}],"up":[{"embeddable":true,"href":"https:\/\/www.fpsanturtzilh.eus\/eu\/wp-json\/wp\/v2\/pages\/26338"}],"wp:attachment":[{"href":"https:\/\/www.fpsanturtzilh.eus\/eu\/wp-json\/wp\/v2\/media?parent=33927"}],"wp:term":[{"taxonomy":"category","embeddable":true,"href":"https:\/\/www.fpsanturtzilh.eus\/eu\/wp-json\/wp\/v2\/categories?post=33927"},{"taxonomy":"post_tag","embeddable":true,"href":"https:\/\/www.fpsanturtzilh.eus\/eu\/wp-json\/wp\/v2\/tags?post=33927"}],"curies":[{"name":"wp","href":"https:\/\/api.w.org\/{rel}","templated":true}]}}