{"id":25159,"date":"2023-02-16T12:30:48","date_gmt":"2023-02-16T11:30:48","guid":{"rendered":"https:\/\/www.fpsanturtzilh.eus\/?page_id=25159"},"modified":"2024-09-05T17:43:55","modified_gmt":"2024-09-05T15:43:55","slug":"telki-green-hydrogen-lab","status":"publish","type":"page","link":"https:\/\/www.fpsanturtzilh.eus\/eu\/landings\/telki-green-hydrogen-lab\/","title":{"rendered":"Telki &#8211; Green hydrogen lab"},"content":{"rendered":"<div class=\"wpb-content-wrapper\"><p>[vc_row full_width=&#8221;stretch_row&#8221; content_placement=&#8221;middle&#8221; css=&#8221;.vc_custom_1676467389809{margin-top: 0px !important;margin-bottom: 0px !important;padding-top: 0px !important;padding-bottom: 0px !important;background: #e7fbfc url(https:\/\/www.fpsanturtzilh.eus\/wp-content\/uploads\/2023\/02\/cabecera-h2verde3.png?id=25071) !important;background-position: center !important;background-repeat: no-repeat !important;background-size: cover !important;}&#8221; el_id=&#8221;CICLO_TITULAR&#8221; el_class=&#8221;peque\u00f1o h2&#8243;][vc_column css=&#8221;.vc_custom_1676466483244{margin-top: 0px !important;padding-top: 0px !important;padding-bottom: 0px !important;}&#8221; offset=&#8221;vc_hidden-sm vc_hidden-xs&#8221;][vc_single_image image=&#8221;25017&#8243; img_size=&#8221;medium&#8221; css=&#8221;.vc_custom_1676387904952{margin-top: 0px !important;margin-right: 0px !important;margin-bottom: 0px !important;margin-left: 0px !important;}&#8221;][\/vc_column][\/vc_row][vc_row full_width=&#8221;stretch_row&#8221; content_placement=&#8221;middle&#8221; css=&#8221;.vc_custom_1676466726187{margin-top: 0px !important;margin-bottom: 0px !important;padding-top: 0px !important;padding-bottom: 10px !important;background-color: #e7fbfc !important;}&#8221; el_class=&#8221;peque\u00f1o h2&#8243;][vc_column css=&#8221;.vc_custom_1676466497706{margin-top: 0px !important;padding-top: 0px !important;padding-bottom: 0px !important;}&#8221; offset=&#8221;vc_hidden-lg vc_hidden-md&#8221;][vc_single_image image=&#8221;25017&#8243; img_size=&#8221;medium&#8221; css=&#8221;.vc_custom_1676387904952{margin-top: 0px !important;margin-right: 0px !important;margin-bottom: 0px !important;margin-left: 0px !important;}&#8221;][\/vc_column][\/vc_row][vc_row full_width=&#8221;stretch_row&#8221; gap=&#8221;35&#8243; content_placement=&#8221;top&#8221; css=&#8221;.vc_custom_1678867812109{margin-top: 0px !important;padding-top: 0px !important;padding-bottom: 0px !important;background-color: #51b6b2 !important;}&#8221; el_class=&#8221;textotelki&#8221;][vc_column css=&#8221;.vc_custom_1678867955033{margin-top: 0px !important;margin-bottom: 0px !important;padding-top: 0px !important;padding-bottom: 0px !important;background-position: center !important;background-repeat: no-repeat !important;background-size: cover !important;}&#8221;][vc_column_text el_class=&#8221;telki telkiblanco&#8221;]<\/p>\n<h2 style=\"text-align: center;\"><strong>TELKI &#8211; Green Hydrogen Lab<\/strong><\/h2>\n<h3 style=\"text-align: center;\"><strong>LHko Hidrogeno Berdeko lehendabiziko espazioa<\/strong><\/h3>\n<p>[\/vc_column_text][vc_video link=&#8221;https:\/\/youtu.be\/aaRQSWS4QOc&#8221; align=&#8221;center&#8221;][\/vc_column][\/vc_row][vc_row gap=&#8221;35&#8243; content_placement=&#8221;top&#8221; css=&#8221;.vc_custom_1676387786010{padding-top: 0px !important;padding-bottom: 0px !important;}&#8221; el_class=&#8221;textotelki&#8221;][vc_column css=&#8221;.vc_custom_1649886963737{margin-top: 0px !important;margin-bottom: 0px !important;padding-top: 0px !important;padding-bottom: 0px !important;background-position: center !important;background-repeat: no-repeat !important;background-size: cover !important;}&#8221;][vc_column_text]<strong>TELKI<\/strong> energia berriztagarrietatik abiatuz Hidrogeno Berdea ekoizteko Lanbide Heziketako zentro bateko lehendabiziko azpiegitura da. Konplexu horri esker, energia berriztagarrietako etorkizuneko profesionalek erregai iraunkorren ekoizpen eraginkor eta efizientea xede duen teknologia sortu berrian sakon dezakete.<\/p>\n<p>Planta ur baliatuz hidrogenoa lortzeko beharrezkoak diren teknologia eta instalazioak uztartzen ditu, zentroko ekipamendu fotovoltaiko eta eolikoko prozesu honetarako energia-iturri modura erabiliz.<\/p>\n<p>Espazioa bisitatu edo horri buruzko prestakuntza nahi baduzu, bete<span style=\"color: #0000ff;\"><strong> <a style=\"color: #0000ff;\" href=\"https:\/\/docs.google.com\/forms\/d\/e\/1FAIpQLSeqnmyw_0k0rRhkF6Czl5Rc9-Qu5kEhHE9BTT0hGQyFAZOZSg\/viewform\" target=\"_blank\" rel=\"noopener\">formulario<\/a><\/strong><\/span> hau.[\/vc_column_text][vc_single_image image=&#8221;25176&#8243; img_size=&#8221;full&#8221; alignment=&#8221;center&#8221; onclick=&#8221;link_image&#8221;][vc_column_text]Hidrogeno berdea 2,5 kW-ko kontsumoa duen elektrolizatzaile batekin sortzen da, 5 kWp-ko ardatz bertikaleko haize-sorgailu batez, 4,4 kWp-ko bi ardatzeko eguzki-jarraitzaile baten eguzki-instalazio fotovoltaiko batez eta 15 kWp-ko eguzki-markesina fotovoltaiko batez elikatuta dagoena, eta azken honek ibilgailu elektrikoa kargatzeko 22 kW-ko 3 puntu ere ditu.<\/p>\n<p>Gas horren ekoizpen-ahalmena minutuko 1200 ml-koa da.[\/vc_column_text][\/vc_column][\/vc_row][vc_row full_width=&#8221;stretch_row&#8221; gap=&#8221;35&#8243; content_placement=&#8221;top&#8221; parallax=&#8221;content-moving&#8221; parallax_image=&#8221;25098&#8243; css=&#8221;.vc_custom_1676398353301{margin-bottom: 10px !important;padding-top: 0px !important;padding-bottom: 0px !important;background-color: #e7fbfc !important;}&#8221; el_class=&#8221;textotelki&#8221;][vc_column css=&#8221;.vc_custom_1649886963737{margin-top: 0px !important;margin-bottom: 0px !important;padding-top: 0px !important;padding-bottom: 0px !important;background-position: center !important;background-repeat: no-repeat !important;background-size: cover !important;}&#8221;][vc_column_text]<\/p>\n<h2>Zer da hidrogeno berdea?<\/h2>\n<p>Hidrogenoa unibertsoan gehien dagoen elementu kimikoa da eta energia-iturri garbi eta agortezina da, erregai modura ur-lurruna baino emititzen ez duena.<br \/>\nHaatik, hidrogenoa sekula ez da bakarrik agertzen naturan, beste elementu batzuei lotuta baizik. Hidrogenoa beste elementuetatik bereizteko prozesurako erabiltzen den energiak baldintzatuko du erregai bat iraunkorra izango den ala ez.<br \/>\nHidrogeno Berdea hidrogenoa beste elementuetatik energia berriztagarria erabiliz (eolikoa, eguzki-energia edo hidraulikoa) bereizten denean lortzen da, C02 emisioak 0 izanik.<br \/>\nHidrogeno Berdea lortzeko prozesua uraren elektrolisiaren bidez gauzatzen da. Elektrodo bidez uretara konektatutako elektrizitate-korronte jarraitu batekin (energia berriztagarritik datorrena), uraren molekula (H2O) deskonposatu eta oxigenoa eta hidrogenoa lortzen dira, horrela Hidrogeno Berde izenekoa eskuratuz.<\/p>\n<h3>Hidrogenoa lortzeko beste zenbait prozesu:<\/h3>\n<ul>\n<li><strong>Hidrogeno Arrosa<\/strong>: energia nuklear bidez elikatutako uraren elektrolisiaren bidez hidrogenoa eskuratzea. .<\/li>\n<li><strong>Hidrogeno Urdina:<\/strong> hidrogenoa iturri fosilak, bereziki, gas naturala, erabiliz lortzea. Prozesu horretan atzematen den CO2 kopuru handia askatzen da.<\/li>\n<li><strong>Hidrogeno Grisa<\/strong>: hidrogenoa iturri fosilak erabiliz lortzea. Hidrogeno Urdinerako erabiltzen den prozesu bera du oinarritzat, baina CO2 hori ez da atzematen.<\/li>\n<\/ul>\n<p>[\/vc_column_text][\/vc_column][\/vc_row][vc_row gap=&#8221;35&#8243; content_placement=&#8221;top&#8221; css=&#8221;.vc_custom_1676399081238{margin-bottom: 0px !important;padding-top: 0px !important;padding-bottom: 0px !important;}&#8221; el_class=&#8221;textotelki&#8221;][vc_column css=&#8221;.vc_custom_1649886963737{margin-top: 0px !important;margin-bottom: 0px !important;padding-top: 0px !important;padding-bottom: 0px !important;background-position: center !important;background-repeat: no-repeat !important;background-size: cover !important;}&#8221;][vc_column_text]<\/p>\n<h2>TELKI, funtsezko pieza Lanbide Heziketako ekosistemari begira<\/h2>\n<p>[\/vc_column_text][\/vc_column][\/vc_row][vc_row gap=&#8221;35&#8243; content_placement=&#8221;top&#8221; css=&#8221;.vc_custom_1676399113216{margin-top: -20px !important;margin-bottom: 10px !important;padding-top: 0px !important;padding-bottom: 0px !important;}&#8221; el_class=&#8221;textotelki&#8221;][vc_column width=&#8221;2\/3&#8243; css=&#8221;.vc_custom_1649886963737{margin-top: 0px !important;margin-bottom: 0px !important;padding-top: 0px !important;padding-bottom: 0px !important;background-position: center !important;background-repeat: no-repeat !important;background-size: cover !important;}&#8221;][vc_column_text]Hidrogeno Berdea ekoizteko prozesua erregai fosilen bidezko prozesuak baino dezente garestiagoa da. Alor honetan ikerketa eta garapen teknologikoa ezinbestekoak dira iraunkorragoa izango den eta planeta gehiago errespetatuko duen etorkizun baterako energia-iturri gako bat optimizatu eta errentagarritasuna ateratzeko.<\/p>\n<p>TELKI energia arloko espezialisten prestakuntzan azpiegitura bereizgarria da. Akademikoki garapen-prozesu betean den teknologia aitzindari eta etorkizunekoarekin bizitzea ahalbidetzen die. Ez alferrik, <a href=\"https:\/\/cincodias.elpais.com\/cincodias\/2021\/10\/13\/extras\/1634142845_034826.html\" target=\"_blank\" rel=\"noopener\">energetika handiak <\/a> eta <a href=\"https:\/\/www.csic.es\/es\/palabras-clave\/hidrogeno#:~:text=El%20CSIC%20lidera%20un%20proyecto,hidrocarburos%20como%20el%20gas%20natural.\" target=\"_blank\" rel=\"noopener\">ikerketa zentroak <\/a> erregai horri begira daude.[\/vc_column_text][\/vc_column][vc_column width=&#8221;1\/3&#8243;][vc_single_image image=&#8221;25101&#8243; img_size=&#8221;full&#8221; style=&#8221;vc_box_outline&#8221; onclick=&#8221;link_image&#8221;][\/vc_column][\/vc_row][vc_row full_width=&#8221;stretch_row&#8221; gap=&#8221;35&#8243; content_placement=&#8221;top&#8221; parallax=&#8221;content-moving&#8221; parallax_image=&#8221;25098&#8243; css=&#8221;.vc_custom_1676398436522{margin-bottom: 10px !important;padding-top: 0px !important;padding-bottom: 0px !important;background-color: #e7fbfc !important;}&#8221; el_id=&#8221;textotelki&#8221;][vc_column css=&#8221;.vc_custom_1649886963737{margin-top: 0px !important;margin-bottom: 0px !important;padding-top: 0px !important;padding-bottom: 0px !important;background-position: center !important;background-repeat: no-repeat !important;background-size: cover !important;}&#8221;][vc_column_text]<\/p>\n<h2>TELKI, aukera hauek ematen dituen espazio bat\u2026<\/h2>\n<p>[\/vc_column_text][vc_row_inner][vc_column_inner width=&#8221;1\/2&#8243;][info_list_father liststyle=&#8221;dotted&#8221;][info_list_son style=&#8221;icon&#8221; titleclr=&#8221;#000000&#8243; icon=&#8221;fas fa-chevron-circle-right&#8221;]<\/p>\n<h3>Prestakuntza<\/h3>\n<p><a href=\"https:\/\/www.fpsanturtzilh.eus\/inicio\/estudios\/ciclos-formativos-gs\/energias-renovables\/\">Energia berriztagarriko <\/a> eta ziklo ertaineko nahiz goi zikloko gure ikasleei lantresna eta azpiegitura aurreratuak ematea, energia barne hartzen duten prestakuntza-moduluekin: Sistema elektrotekniko eta automatizatuak, Telekomunikazio eta Informatika Sistemak, Kalitatearen analisi eta kontrolerako laborategiak, Energia-efizientzia eta eguzki-energia termikoa, Instalazio termikoen eta fluxuen proiektuen garapena, Instalazio elektriko eta automatikoak, Telekomunikazio-instalazioak[\/info_list_son][info_list_son style=&#8221;icon&#8221; titleclr=&#8221;#000000&#8243; icon=&#8221;fas fa-arrow-alt-circle-right&#8221;]<\/p>\n<h3>Kolaboratzea<\/h3>\n<p>Beste prestakuntza-zentro batzuetako (Lanbide Heziketakoak eta unibertsitateak) ikasle eta irakasleen gaitasunen hobekuntza azpimarratzeko ezagutza eta azpiegiturak partekatzea, eta H2-arekin lotutako baterako proiektuak garatzea tokiko mailan, maila nazionalean zein nazioartean[\/info_list_son][\/info_list_father][\/vc_column_inner][vc_column_inner width=&#8221;1\/2&#8243;][info_list_father liststyle=&#8221;dotted&#8221;][info_list_son style=&#8221;icon&#8221; titleclr=&#8221;#000000&#8243; icon=&#8221;fas fa-chevron-circle-right&#8221;]<\/p>\n<h3>Ikertzea<\/h3>\n<p>Ikerketa aplikatuko eta garapen teknologikoko proiektuetan parte hartuz.[\/info_list_son][info_list_son style=&#8221;icon&#8221; titleclr=&#8221;#000000&#8243; icon=&#8221;fas fa-chevron-circle-right&#8221;]<\/p>\n<h3>Deierak ernatzea<\/h3>\n<p>TELKI planta tresna aparta da DBH eta Batxilergoko ikasleek sektorea eta jendarte orokorrarentzat ezezaguna den teknologia bat lehen eskutik ezagutzeko, modu horretan, beren etorkizun profesionala irudikatzeko eszenario berri bat erakutsiz.[\/info_list_son][info_list_son style=&#8221;icon&#8221; titleclr=&#8221;#000000&#8243; icon=&#8221;fas fa-chevron-circle-right&#8221;]<\/p>\n<h3>Energiaren autokontsumoa<\/h3>\n<p>[\/info_list_son][\/info_list_father][\/vc_column_inner][\/vc_row_inner][\/vc_column][\/vc_row][vc_row gap=&#8221;35&#8243; content_placement=&#8221;top&#8221; css=&#8221;.vc_custom_1676387949223{margin-bottom: 10px !important;padding-top: 0px !important;padding-bottom: 0px !important;}&#8221;][vc_column css=&#8221;.vc_custom_1649886963737{margin-top: 0px !important;margin-bottom: 0px !important;padding-top: 0px !important;padding-bottom: 0px !important;background-position: center !important;background-repeat: no-repeat !important;background-size: cover !important;}&#8221;][vc_column_text el_class=&#8221;textotelki&#8221;]<\/p>\n<h2>Santurtzi LH: beti apur bat urrunago, baita berriztagarriekin ere<\/h2>\n<p><b>TELKI &#8211; Green Hydrogen Lab<\/b> Santurtzi LH zentroak gunea gaikuntza integralerako espazio bilakatzeko nahimenaren ondorio logikoa da, non ezagutzak eta azpiegiturek gure enpresa-ehunak ekoizpenari dagozkionez dituen premien errealitateari erantzuteaz gain, berrikuntza teknologiko berriei ere erantzungo baitiete.<\/p>\n<p><strong>Energia berriztagarrien esparruan gure zentroa horrela dago hornituta:<\/strong>[\/vc_column_text][vc_row_inner][vc_column_inner width=&#8221;1\/3&#8243;]<div class=\"cq-ribbon-container \" style=\"max-width:;\" data-ribbonwidth=\"\" data-ribbontop=\"16px\" data-ribbonleft=\"10px\"  data-ribboncolor=\"#ffffff\" data-containerbg=\"\" data-textcolor=\"\" data-textmargintop=\"\"><div style=\"background:#1a375f;color:#ffffff;\nbackground:#1a375f;color:#ffffff;top:10px;bottom:auto\" class=\"cq-ribbon4\">Planta fotovoltaikoa<div class=\"arrow\" style=\"border-color:transparent #1a375f\"><\/div><\/div><div class=\"cq-ribbon-content\"><a href=\"https:\/\/www.fpsanturtzilh.eus\/wp-content\/uploads\/2023\/02\/planta-fotovoltaica.jpg\" class=\"ribbon-image\"><img decoding=\"async\" src=\"https:\/\/www.fpsanturtzilh.eus\/wp-content\/uploads\/2023\/02\/planta-fotovoltaica.jpg\" alt=\"\" \/><\/a><p class=\"cq-ribbon-text\"><strong>Planta fotovoltaikoa<\/strong>, 440 kWp-ko potentzia pikoko bi aurpegiko 10 modulurekin, 4 kW-ko potentzia duen inbertsore trifasiko batekin eta 5 kWh-ko gaitasuna duen litiozko bateria batekin.<\/p><\/div><\/div>[\/vc_column_inner][vc_column_inner width=&#8221;1\/3&#8243;]<div class=\"cq-ribbon-container \" style=\"max-width:;\" data-ribbonwidth=\"\" data-ribbontop=\"16px\" data-ribbonleft=\"10px\"  data-ribboncolor=\"#ffffff\" data-containerbg=\"\" data-textcolor=\"\" data-textmargintop=\"\"><div style=\"background:#1a375f;color:#ffffff;\nbackground:#1a375f;color:#ffffff;top:10px;bottom:auto\" class=\"cq-ribbon4\">Markesina fotovoltaikoa<div class=\"arrow\" style=\"border-color:transparent #1a375f\"><\/div><\/div><div class=\"cq-ribbon-content\"><a href=\"https:\/\/www.fpsanturtzilh.eus\/wp-content\/uploads\/2023\/02\/marquesina.jpg\" class=\"ribbon-image\"><img decoding=\"async\" src=\"https:\/\/www.fpsanturtzilh.eus\/wp-content\/uploads\/2023\/02\/marquesina.jpg\" alt=\"\" \/><\/a><p class=\"cq-ribbon-text\"><b>Markesina fotovoltaikoa<\/b>, 15 kW-koa, eta 22 kW-ko hiru ibilgailu elektriko azkar kargatzeko gaitasuna duena.<\/p><\/div><\/div>[\/vc_column_inner][vc_column_inner width=&#8221;1\/3&#8243;]<div class=\"cq-ribbon-container \" style=\"max-width:;\" data-ribbonwidth=\"\" data-ribbontop=\"16px\" data-ribbonleft=\"10px\"  data-ribboncolor=\"#ffffff\" data-containerbg=\"\" data-textcolor=\"\" data-textmargintop=\"\"><div style=\"background:#1a375f;color:#ffffff;\nbackground:#1a375f;color:#ffffff;top:10px;bottom:auto\" class=\"cq-ribbon4\">Haize-sorgailua<div class=\"arrow\" style=\"border-color:transparent #1a375f\"><\/div><\/div><div class=\"cq-ribbon-content\"><a href=\"https:\/\/www.fpsanturtzilh.eus\/wp-content\/uploads\/2023\/02\/aerogenerador.jpg\" class=\"ribbon-image\"><img decoding=\"async\" src=\"https:\/\/www.fpsanturtzilh.eus\/wp-content\/uploads\/2023\/02\/aerogenerador.jpg\" alt=\"\" \/><\/a><p class=\"cq-ribbon-text\">Ardatz bertikaleko <strong>haize-sorgailua<\/strong>, soinu-maila baxuko bizitegi-inguruneak muntatzeko egokia, hegazti-fauna babestuz eta 5 kW-ko potentzia duen Inbertsore eoliko batekin.<\/p><\/div><\/div>[\/vc_column_inner][\/vc_row_inner][\/vc_column][\/vc_row][vc_row gap=&#8221;35&#8243; content_placement=&#8221;top&#8221; css=&#8221;.vc_custom_1676399113216{margin-top: -20px !important;margin-bottom: 10px !important;padding-top: 0px !important;padding-bottom: 0px !important;}&#8221; el_class=&#8221;textotelki&#8221;][vc_column css=&#8221;.vc_custom_1649886963737{margin-top: 0px !important;margin-bottom: 0px !important;padding-top: 0px !important;padding-bottom: 0px !important;background-position: center !important;background-repeat: no-repeat !important;background-size: cover !important;}&#8221;][vc_column_text]<em>Autokontsumoari eta biltegiratzeari lotutako pizgarrien programari (energia-iturri berriztagarriekin) eta Europar Batasunak finantzatutako Berreskuratze, Eraldaketa eta Erresilientzia Planaren esparruan bizitegi-sektorean sistema termiko berriztagarriak ezartzeari (NextGenerationEU) atxikitako proiektua.<\/em>[\/vc_column_text][vc_single_image image=&#8221;32946&#8243; img_size=&#8221;full&#8221; alignment=&#8221;center&#8221; style=&#8221;vc_box_outline&#8221; onclick=&#8221;link_image&#8221;][\/vc_column][\/vc_row][vc_row full_width=&#8221;stretch_row&#8221; gap=&#8221;35&#8243; content_placement=&#8221;top&#8221; parallax=&#8221;content-moving&#8221; parallax_image=&#8221;25098&#8243; css=&#8221;.vc_custom_1676398454982{margin-bottom: 10px !important;padding-top: 0px !important;padding-bottom: 0px !important;background-color: #e7fbfc !important;}&#8221; el_class=&#8221;textotelki&#8221;][vc_column width=&#8221;2\/3&#8243; css=&#8221;.vc_custom_1649886963737{margin-top: 0px !important;margin-bottom: 0px !important;padding-top: 0px !important;padding-bottom: 0px !important;background-position: center !important;background-repeat: no-repeat !important;background-size: cover !important;}&#8221;][vc_column_text]<\/p>\n<h2>Energia berriztagarriak, emakume ahotsa duten etorkizuneko teknologiak.<\/h2>\n<p><strong>Maria Telkes<\/strong>, eguzki-berogailuko lehendabiziko sistema.<\/p>\n<p>Energia berriztagarrien ikerketaren esparruan emakumeak duen garrantzia ikusarazi nahi izan dugu gure Hidrogeno Berdeko konplexuari gure alorrean gakoa izan den irudi batean inspiratutako izen bat ipiniz: Maria Telkes, zientzialari eta asmatzailea.<\/p>\n<p>Baina ez da bakarra. <strong><a href=\"https:\/\/es.wikipedia.org\/wiki\/Mar%C3%ADa_Retuerto\" target=\"_blank\" rel=\"noopener\">Mar\u00eda Retuerto<\/a><\/strong>, Zientzia Ikerketen Kontseilu Nagusiko ikerlaria eta <a href=\"https:\/\/cincodias.elpais.com\/cincodias\/2021\/10\/13\/extras\/1634142845_034826.html\" target=\"_blank\" rel=\"noopener\"><strong>Ana Mart\u00ednez eta Dolores Hern\u00e1ndez<\/strong><\/a> (Repsol Technology Lab) zientzialari entzutetsuak dira, egun Hidrogeno Berdearekin lotutako proiektuak gidatzen dituztenak.[\/vc_column_text][\/vc_column][vc_column width=&#8221;1\/3&#8243;][vc_single_image image=&#8221;25049&#8243; img_size=&#8221;full&#8221; style=&#8221;vc_box_outline&#8221;][\/vc_column][\/vc_row][vc_row full_width=&#8221;stretch_row&#8221; gap=&#8221;35&#8243; content_placement=&#8221;top&#8221; css=&#8221;.vc_custom_1676556420020{margin-bottom: 10px !important;padding-top: 0px !important;padding-bottom: 0px !important;}&#8221; el_class=&#8221;textotelki&#8221;][vc_column css=&#8221;.vc_custom_1649886963737{margin-top: 0px !important;margin-bottom: 0px !important;padding-top: 0px !important;padding-bottom: 0px !important;background-position: center !important;background-repeat: no-repeat !important;background-size: cover !important;}&#8221;][vc_column_text]<\/p>\n<h2>Azken berritasunak<\/h2>\n<p>[\/vc_column_text][vc_basic_grid post_type=&#8221;post&#8221; max_items=&#8221;10&#8243; item=&#8221;masonryGrid_Default&#8221; grid_id=&#8221;vc_gid:1725550799337-0051e687-4004-6&#8243; taxonomies=&#8221;117&#8243;][\/vc_column][\/vc_row][vc_row full_width=&#8221;stretch_row&#8221; gap=&#8221;35&#8243; content_placement=&#8221;top&#8221; css=&#8221;.vc_custom_1678871850585{margin-bottom: 10px !important;padding-top: 0px !important;padding-bottom: 0px !important;background-color: #e6f6f5 !important;}&#8221; el_class=&#8221;textotelki&#8221;][vc_column css=&#8221;.vc_custom_1649886963737{margin-top: 0px !important;margin-bottom: 0px !important;padding-top: 0px !important;padding-bottom: 0px !important;background-position: center !important;background-repeat: no-repeat !important;background-size: cover !important;}&#8221;][vc_column_text]<\/p>\n<h2>Telkiren berri eman duten beste komunikabide batzuk<\/h2>\n<p>[\/vc_column_text][vc_row_inner][vc_column_inner width=&#8221;1\/2&#8243;][vc_column_text]<\/p>\n<ul>\n<li><a href=\"https:\/\/elmundoempresarial.info\/2023\/02\/16\/se-inaugura-la-primera-infraestructura-de-hidrogeno-verde-de-la-fp-vasca-con-la-participacion-del-profesor-de-investigacion-del-csic-sergio-rojas\/formacion\/\">Se inaugura la primera infraestructura de Hidr\u00f3geno Verde de la FP vasca con la participaci\u00f3n del profesor de investigaci\u00f3n del CSIC Sergio Rojas<\/a><br \/>\n(El mundo empresarial)<\/li>\n<li><a href=\"https:\/\/www.europapress.es\/euskadi\/noticia-santurtzi-inaugurara-miercoles-primera-infraestructura-centro-fp-producir-hidrogeno-verde-20230220152755.html\">Santurtzi inaugurar\u00e1 este mi\u00e9rcoles la primera infraestructura de un centro de FP para producir Hidr\u00f3geno Verde<\/a><br \/>\n(Europapress)<\/li>\n<li><a href=\"https:\/\/www.eitb.eus\/es\/nahieran\/radio\/radio-euskadi\/la-mecanica-del-caracol\/detalle\/9118036\/\">\u00bfQu\u00e9 es el hidr\u00f3geno verde?<\/a><br \/>\n(Eitb \/ La mec\u00e1nica del caracol)<\/li>\n<\/ul>\n<p>[\/vc_column_text][\/vc_column_inner][vc_column_inner width=&#8221;1\/2&#8243;][vc_column_text]<\/p>\n<ul>\n<li><a href=\"https:\/\/www.euskadi.eus\/gobierno-vasco\/-\/noticia\/2023\/jokin-bildarratz-inaugura-primera-infraestructura-hidrogeno-verde-fp-vasca\/\">Jokin Bildarratz inaugura la primera infraestructura de hidr\u00f3geno verde de la FP vasca<\/a><br \/>\n(euskadi.eus)<\/li>\n<li><a href=\"https:\/\/www.estrategia.net\/noticias\/el-centro-san-jorge-inaugura-la-primera-infraestructura-de-hidrogeno-verde-en-fp\">El centro San Jorge inaugura la primera infraestructura de hidr\u00f3geno verde en FP<\/a><br \/>\n(Estrategia empresarial)<\/li>\n<li><a href=\"https:\/\/www.elcorreo.com\/bizkaia\/alumnos-vizcainos-primeros-espana-formarse-produccion-hidrogeno-verde-20230222124336-nt.html\">Alumnos vizca\u00ednos de FP ser\u00e1n los primeros de Espa\u00f1a en formarse en la producci\u00f3n de hidr\u00f3geno verde<\/a><br \/>\n(El correo)<\/li>\n<li><a href=\"https:\/\/www.pv-magazine.es\/2023\/03\/08\/vinci-genera-hidrogeno-para-autoconsumo-con-fotovoltaica-y-eolica-en-un-centro-de-fp\/\">Vinci genera hidr\u00f3geno para autoconsumo con fotovoltaica y e\u00f3lica en un centro de FP<\/a><br \/>\n(PV Magazine)<\/li>\n<\/ul>\n<p>[\/vc_column_text][\/vc_column_inner][\/vc_row_inner][\/vc_column][\/vc_row]<\/p>\n<\/div>","protected":false},"excerpt":{"rendered":"<p>[vc_row full_width=&#8221;stretch_row&#8221; content_placement=&#8221;middle&#8221; css=&#8221;.vc_custom_1676467389809{margin-top: 0px !important;margin-bottom: 0px !important;padding-top: 0px !important;padding-bottom: 0px !important;background: #e7fbfc url(https:\/\/www.fpsanturtzilh.eus\/wp-content\/uploads\/2023\/02\/cabecera-h2verde3.png?id=25071) !important;background-position: center !important;background-repeat: no-repeat !important;background-size: cover !important;}&#8221; el_id=&#8221;CICLO_TITULAR&#8221; el_class=&#8221;peque\u00f1o h2&#8243;][vc_column css=&#8221;.vc_custom_1676466483244{margin-top: 0px<span class=\"excerpt-hellip\"> [\u2026]<\/span><\/p>\n","protected":false},"author":17,"featured_media":0,"parent":28840,"menu_order":0,"comment_status":"closed","ping_status":"closed","template":"template-blank.php","meta":{"footnotes":""},"categories":[],"tags":[],"class_list":["post-25159","page","type-page","status-publish","hentry"],"_links":{"self":[{"href":"https:\/\/www.fpsanturtzilh.eus\/eu\/wp-json\/wp\/v2\/pages\/25159","targetHints":{"allow":["GET"]}}],"collection":[{"href":"https:\/\/www.fpsanturtzilh.eus\/eu\/wp-json\/wp\/v2\/pages"}],"about":[{"href":"https:\/\/www.fpsanturtzilh.eus\/eu\/wp-json\/wp\/v2\/types\/page"}],"author":[{"embeddable":true,"href":"https:\/\/www.fpsanturtzilh.eus\/eu\/wp-json\/wp\/v2\/users\/17"}],"replies":[{"embeddable":true,"href":"https:\/\/www.fpsanturtzilh.eus\/eu\/wp-json\/wp\/v2\/comments?post=25159"}],"version-history":[{"count":0,"href":"https:\/\/www.fpsanturtzilh.eus\/eu\/wp-json\/wp\/v2\/pages\/25159\/revisions"}],"up":[{"embeddable":true,"href":"https:\/\/www.fpsanturtzilh.eus\/eu\/wp-json\/wp\/v2\/pages\/28840"}],"wp:attachment":[{"href":"https:\/\/www.fpsanturtzilh.eus\/eu\/wp-json\/wp\/v2\/media?parent=25159"}],"wp:term":[{"taxonomy":"category","embeddable":true,"href":"https:\/\/www.fpsanturtzilh.eus\/eu\/wp-json\/wp\/v2\/categories?post=25159"},{"taxonomy":"post_tag","embeddable":true,"href":"https:\/\/www.fpsanturtzilh.eus\/eu\/wp-json\/wp\/v2\/tags?post=25159"}],"curies":[{"name":"wp","href":"https:\/\/api.w.org\/{rel}","templated":true}]}}