{"id":35697,"date":"2024-06-25T10:41:33","date_gmt":"2024-06-25T08:41:33","guid":{"rendered":"https:\/\/www.fpsanturtzilh.eus\/?page_id=35697"},"modified":"2024-09-23T09:10:06","modified_gmt":"2024-09-23T07:10:06","slug":"internationalisation","status":"publish","type":"page","link":"https:\/\/www.fpsanturtzilh.eus\/en\/internationalisation\/","title":{"rendered":"Internationalization"},"content":{"rendered":"<div class=\"wpb-content-wrapper\"><p>[vc_row full_width=&#8221;stretch_row&#8221; content_placement=&#8221;top&#8221; css=&#8221;.vc_custom_1716389827448{margin-bottom: 30px !important;background-image: url(https:\/\/www.fpsanturtzilh.eus\/wp-content\/uploads\/2024\/05\/cab-internacionalizacion.jpg?id=34611) !important;background-position: 0 0 !important;background-repeat: no-repeat !important;}&#8221;][vc_column css=&#8221;.vc_custom_1591438470376{margin-top: 200px !important;}&#8221;][vc_column_text el_class=&#8221;blanco&#8221;]<\/p>\n<h1>Internationalization<\/h1>\n<p>[\/vc_column_text][\/vc_column][\/vc_row][vc_row css=&#8221;.vc_custom_1716362960271{margin-top: 0px !important;padding-top: 0px !important;}&#8221;][vc_column width=&#8221;1\/2&#8243;][vc_column_text]<strong>At Santurtzi VET we have an international vocation.<\/strong><\/p>\n<p>We promote exciting experiences ranging from international mobilities to European projects. For students and teachers. Activities that will enrich your educational experience.<\/p>\n<h2><b>INTERNATIONAL NETWORKS<\/b><\/h2>\n<p>We know how important it is to promote academic excellence and that is why the partnerships we have developed with different international networks help us to collaborate by sharing knowledge, good practices and innovative resources. We seek for you a globalised education, open to innovation and oriented towards the future.[\/vc_column_text][\/vc_column][vc_column width=&#8221;1\/2&#8243;]<div class=\"cq-expandgrid cq-circular-nocircular cq-expandgrid- cq-expandgrid-avatar-100 cq-expandgrid-close-yes cq-expandgrid-in1  \" data-itemheight=\"\" data-autoslide=\"no\" data-itemsize=\"\" data-transparentitem=\"yes\" data-openfirst=\"yes\" data-labelfontsize=\"\" data-nocircular=\"nocircular\" data-subfontsize=\"\" data-scrollto=\"\" data-scrolloffset=\"0\"><div class=\"cq-expandgrid-item cq-expandgrid-initstate customized\" data-image=\"\" data-bgstyle=\"customized\" data-backgroundcolor=\"rgba(140,206,211,0.2)\" data-backgroundhovercolor=\"\" data-avatartype=\"image\" data-avatar=\"https:\/\/www.fpsanturtzilh.eus\/wp-content\/uploads\/2024\/04\/lcamp.png\" data-contentcolor=\"\" data-iconcolor=\"\" data-iconsize=\"\" data-labelcolor=\"\" data-subtitlecolor=\"\" title=\"\"><div class=\"cq-expandgrid-face cq-expandgrid-toggle\" style=\"background-color: rgba(140,206,211,0.2)\"><div class=\"cq-expandgrid-facecontent\"><div class=\"cq-expandgrid-avatar\"><\/div><\/div><div class=\"cq-expandgrid-arrow\" style=\"border-bottom:15px solid rgba(140,206,211,0.2)\"><\/div><\/div><div class=\"cq-expandgrid-content\" style=\"background-color: rgba(140,206,211,0.2)\"><div class=\"cq-expandgrid-text\"><p>European reference platform for knowledge generation, exchange, collaboration and service provision for technical and vocational education centres (<strong>VET\/HigherVET<\/strong>). Also for companies within the Advanced Manufacturing sector. Collaboration is sought between centres and companies operating in this sector in order to reduce skills gaps in the industry.<\/p>\n<p>LCAMP&#8217;s strategic objectives include creating personalised learning pathways for learners and the recognition of micro-credentials. This involves establishing a Future Trends Observatory focused on Advanced Manufacturing, creating an Open Innovation Community, operating a Collaborative Learning Factory, promoting synergies with other EU initiatives and ensuring that the <strong>LCAMP<\/strong> platform becomes self-sustainable.<\/p>\n<p><a href=\"https:\/\/lcamp.eu\/\" target=\"_blank\" rel=\"noopener\"><strong>&gt;&gt; Web<\/strong><\/a><\/p>\n<p>&nbsp;<\/p>\n<p>&nbsp;<\/p>\n<\/div><i class=\"fa fa-close cq-expandgrid-close\"><\/i><\/div><\/div><div class=\"cq-expandgrid-item cq-expandgrid-initstate customized\" data-image=\"\" data-bgstyle=\"customized\" data-backgroundcolor=\"rgba(140,206,211,0.2)\" data-backgroundhovercolor=\"\" data-avatartype=\"image\" data-avatar=\"https:\/\/www.fpsanturtzilh.eus\/wp-content\/uploads\/2024\/05\/innotecs-logo4.png\" data-contentcolor=\"\" data-iconcolor=\"\" data-iconsize=\"\" data-labelcolor=\"\" data-subtitlecolor=\"\" title=\"\"><div class=\"cq-expandgrid-face cq-expandgrid-toggle\" style=\"background-color: rgba(140,206,211,0.2)\"><div class=\"cq-expandgrid-facecontent\"><div class=\"cq-expandgrid-avatar\"><\/div><\/div><div class=\"cq-expandgrid-arrow\" style=\"border-bottom:15px solid rgba(140,206,211,0.2)\"><\/div><\/div><div class=\"cq-expandgrid-content\" style=\"background-color: rgba(140,206,211,0.2)\"><div class=\"cq-expandgrid-text\"><p>This international organization serves principals and educators with an emphasis on vocational education and training at technical and secondary school levels. This professional network aims to address the existing gaps in international networks by focusing on the needs of technical schools.<\/p>\n<p>This scenario arises in response to the growing demand of the European labour market and the need to prepare students to face emerging technological challenges. <strong>INNOTECS<\/strong>\u00a0is presented as a collaborative space to share ideas, address future challenges and contribute to the advancement of technical education.<br \/>\n<strong><a href=\"https:\/\/www.innotecs.eu\/\" target=\"_blank\" rel=\"noopener\">&gt;&gt; Web<\/a><\/strong><\/p>\n<\/div><i class=\"fa fa-close cq-expandgrid-close\"><\/i><\/div><\/div><\/div>[\/vc_column][\/vc_row][vc_row full_width=&#8221;stretch_row&#8221; parallax=&#8221;content-moving&#8221; parallax_image=&#8221;34524&#8243; css=&#8221;.vc_custom_1716378591974{background-color: #ededed !important;}&#8221;][vc_column][vc_row_inner][vc_column_inner][vc_column_text]<\/p>\n<h2><b>MOBILITIES<\/b><\/h2>\n<p>At<strong>\u00a0Santurtzi VET<\/strong> we are committed to promoting international experiences for both our students and our teaching staff. Every year, students from different training cycles have the opportunity to carry out their training in workplaces in different European countries with the <strong>Erasmus+<\/strong> grants. This experience allows them to acquire new skills, get to know other cultures and enrich their personal and professional development.<\/p>\n<p><strong>Since 2019, our teaching staff have been actively participating in European mobilities (Slovenia, the Netherlands, Finland, Sweden, France and Iceland)<\/strong> with the aim of improving their training, keeping up to date with the latest educational trends and establishing international collaboration networks. These experiences give them the opportunity to exchange knowledge and good practices with other countries, thus enriching the quality of the teaching we offer at <strong>\u00a0Santurtzi VET<\/strong>.[\/vc_column_text][\/vc_column_inner][\/vc_row_inner][vc_row_inner disable_element=&#8221;yes&#8221;][vc_column_inner][vc_column_text]<\/p>\n<h3><b>STUDENT MOBILITY<\/b><\/h3>\n<p>[\/vc_column_text][vc_basic_grid post_type=&#8221;post&#8221; max_items=&#8221;1000&#8243; style=&#8221;pagination&#8221; items_per_page=&#8221;3&#8243; arrows_design=&#8221;vc_arrow-icon-arrow_01_left&#8221; arrows_position=&#8221;outside&#8221; arrows_color=&#8221;black&#8221; paging_color=&#8221;black&#8221; item=&#8221;34572&#8243; grid_id=&#8221;vc_gid:1727075047788-aee869e6-18ed-8&#8243; taxonomies=&#8221;140&#8243;][\/vc_column_inner][\/vc_row_inner][vc_row_inner][vc_column_inner][vc_column_text]<\/p>\n<h3><b>TEACHER MOBILITY<\/b><\/h3>\n<div id=\"gtx-trans\">\n<div class=\"gtx-trans-icon\"><\/div>\n<\/div>\n<p>[\/vc_column_text][vc_basic_grid post_type=&#8221;post&#8221; max_items=&#8221;1000&#8243; style=&#8221;pagination&#8221; items_per_page=&#8221;3&#8243; arrows_design=&#8221;vc_arrow-icon-arrow_01_left&#8221; arrows_position=&#8221;outside&#8221; arrows_color=&#8221;black&#8221; paging_color=&#8221;black&#8221; item=&#8221;34572&#8243; grid_id=&#8221;vc_gid:1727075047789-587b9bd0-4e08-8&#8243; taxonomies=&#8221;131&#8243;][\/vc_column_inner][\/vc_row_inner][\/vc_column][\/vc_row][vc_row full_width=&#8221;stretch_row&#8221;][vc_column][vc_row_inner css=&#8221;.vc_custom_1717574012177{margin-bottom: 0px !important;padding-bottom: 0px !important;}&#8221;][vc_column_inner width=&#8221;2\/3&#8243;][vc_column_text]<\/p>\n<h2><b>INNOVATION PROJECTS<br \/>\n<\/b><\/h2>\n<p>At\u00a0<strong>\u00a0Santurtzi VET<\/strong> we recognise the fundamental importance of collaborating in transnational innovation programmes, which allow us to share knowledge, best practices and develop creative solutions to current challenges in education.<\/p>\n<p>These collaborations not only enrich our own institution, but also contribute to the advancement of education internationally, fostering a dynamic and collaborative learning environment.[\/vc_column_text][\/vc_column_inner][vc_column_inner width=&#8221;1\/3&#8243;][vc_single_image image=&#8221;35403&#8243; img_size=&#8221;full&#8221;][\/vc_column_inner][\/vc_row_inner][vc_row_inner css=&#8221;.vc_custom_1717574019544{margin-top: 0px !important;padding-top: 0px !important;}&#8221;][vc_column_inner width=&#8221;1\/2&#8243;][vc_column_text]<\/p>\n<h3><b>KA2 PROJECTS<\/b><\/h3>\n<p><strong>The KA2 Action of the Erasmus+ Programme aims to produce results and generate a positive impact on both the participating organizations and the people directly or indirectly involved in the activities.<\/strong><\/p>\n<p>These projects aim to promote innovative approaches to serving target groups, to adopt competence recognition and validation processes, to improve the effectiveness of activities for the benefit of local communities and to respond to the needs of groups with fewer opportunities.<\/p>\n<p>These projects are also expected to foster a more modern, dynamic and professional environment within organizations, preparing staff to integrate new practices and methods into daily activities, and opening the door to synergies with other organizations.[\/vc_column_text][\/vc_column_inner][vc_column_inner width=&#8221;1\/2&#8243;][vc_column_text]<\/p>\n<h3><b>INTERREG PROJECTS<\/b><\/h3>\n<p><strong>The Interreg Europe programme is an interregional cooperation programme, co-financed by the European Union.<\/strong><\/p>\n<p>The European Union strives to reduce disparities in levels of development, growth and quality of life within and between the regions of Europe.<\/p>\n<p>The programme contributes to this objective and runs from 2021 to 2027.<\/p>\n<p>It creates an environment and opportunities for sharing solutions to regional development problems. It supports the exchange of good practices and policy learning between European regions in 36 countries, including the 27 EU countries, Albania, Bosnia and Herzegovina, Moldova, Montenegro, North Macedonia, Norway, Serbia, Switzerland and Ukraine.[\/vc_column_text][\/vc_column_inner][\/vc_row_inner][vc_row_inner][vc_column_inner][vc_basic_grid post_type=&#8221;post&#8221; max_items=&#8221;1000&#8243; style=&#8221;pagination&#8221; items_per_page=&#8221;3&#8243; arrows_design=&#8221;vc_arrow-icon-arrow_01_left&#8221; arrows_position=&#8221;outside&#8221; arrows_color=&#8221;black&#8221; paging_color=&#8221;black&#8221; item=&#8221;34576&#8243; grid_id=&#8221;vc_gid:1727075047790-5a2fe343-d14d-6&#8243; taxonomies=&#8221;133&#8243;][\/vc_column_inner][\/vc_row_inner][\/vc_column][\/vc_row][vc_row full_width=&#8221;stretch_row&#8221; parallax=&#8221;content-moving&#8221; parallax_image=&#8221;34524&#8243; parallax_speed_bg=&#8221;1&#8243; css=&#8221;.vc_custom_1716379771638{background-color: #ededed !important;}&#8221;][vc_column][vc_column_text]<\/p>\n<h2><b>VISITS<\/b><\/h2>\n<p>At <strong>\u00a0Santurtzi VET<\/strong> we want you to get to know us and that is why we organise visits, both for companies and for educational centres. We will show you our facilities, our teaching staff, the projects we carry out and everything you can think of and need to know.<\/p>\n<p>It is a unique opportunity to visit the green hydrogen production infrastructure, <a href=\"https:\/\/www.fpsanturtzilh.eus\/landings\/telki-green-hydrogen-lab\/\" target=\"_blank\" rel=\"noopener\"><strong>TELKI Green Hydrogen lab<\/strong><\/a>, the first of its kind in a Vocational Training centre in Spain, where you will learn about the production, conservation and applications of green hydrogen. If you want to visit the space, <strong><a href=\"https:\/\/docs.google.com\/forms\/d\/e\/1FAIpQLSeqnmyw_0k0rRhkF6Czl5Rc9-Qu5kEhHE9BTT0hGQyFAZOZSg\/viewform\" target=\"_blank\" rel=\"noopener\">sign up here<\/a><\/strong>. Our visits are also a unique opportunity to develop collaborative projects related to this technology.[\/vc_column_text][vc_basic_grid post_type=&#8221;post&#8221; max_items=&#8221;1000&#8243; style=&#8221;pagination&#8221; items_per_page=&#8221;3&#8243; arrows_design=&#8221;vc_arrow-icon-arrow_01_left&#8221; arrows_position=&#8221;outside&#8221; arrows_color=&#8221;black&#8221; paging_color=&#8221;black&#8221; item=&#8221;34572&#8243; grid_id=&#8221;vc_gid:1727075047791-8ff495b3-3cdb-8&#8243; taxonomies=&#8221;129&#8243;][\/vc_column][\/vc_row][vc_row full_width=&#8221;stretch_row&#8221; gap=&#8221;35&#8243; css=&#8221;.vc_custom_1591522812547{padding-top: 0px !important;padding-bottom: 0px !important;background-image: url(http:\/\/www.fpsanturtzilh.eus\/wp-content\/uploads\/2020\/06\/2645-scaled.jpg?id=986) !important;background-position: center !important;background-repeat: no-repeat !important;background-size: cover !important;}&#8221;][vc_column width=&#8221;1\/3&#8243;][vc_column_text el_class=&#8221;blanco&#8221;]<\/p>\n<h2><strong>Contact us and visit our centre<\/strong><\/h2>\n<h2><strong>\u00a0<\/strong><\/h2>\n<p><strong>\u00a0<\/strong>[\/vc_column_text][\/vc_column][vc_column width=&#8221;2\/3&#8243; css=&#8221;.vc_custom_1593153022516{padding-top: 40px !important;padding-right: 40px !important;padding-bottom: 40px !important;padding-left: 40px !important;background-color: rgba(82,189,195,0.25) !important;*background-color: rgb(82,189,195) !important;}&#8221;][vc_column_text]<div class=\"everest-forms\"><script type='text\/javascript'>\n\/* <![CDATA[ *\/\nvar evf_settings = {\"currency_code\":\"EUR\",\"currency_thousands\":\".\",\"currency_decimal\":\",\",\"currency_symbol\":\"\\u20ac\",\"currency_symbol_pos\":\"right\"}\n\/* ]]> *\/\n<\/script>\n<div class=\"evf-container default\" id=\"evf-33706\"><form id=\"evf-form-33706\" class=\"everest-form\" data-formid=\"33706\" data-ajax_submission=\"0\" data-keyboard_friendly_form=\"0\" data-form_state_type=\"\" method=\"post\" enctype=\"multipart\/form-data\" action=\"\/en\/wp-json\/wp\/v2\/pages\/35697\"><div class=\"evf-field-container\"><input type=\"hidden\" id=\"_wpnonce33706\" name=\"_wpnonce33706\" value=\"6057546d04\" \/><input type=\"hidden\" name=\"_wp_http_referer\" value=\"\/en\/wp-json\/wp\/v2\/pages\/35697\" \/><div class=\"evf-frontend-row\" data-row=\"row_1\" conditional_rules=\"[]\"><div class=\"evf-frontend-grid evf-grid-2\" data-grid=\"grid_1\"><div id=\"evf-33706-field_ys0GeZISRs-1-container\" class=\"evf-field evf-field-first-name form-row validate-required\" data-required-field-message=\"Este campo es obligatorio.\" data-field-id=\"ys0GeZISRs-1\"><label class=\"evf-field-label\" for=\"evf-33706-field_ys0GeZISRs-1\"><span class=\"evf-label\">Name<\/span> <abbr class=\"required\" title=\"Required\">*<\/abbr><\/label><input type=\"text\" id=\"evf-33706-field_ys0GeZISRs-1\" class=\"input-text\" name=\"everest_forms[form_fields][ys0GeZISRs-1]\" conditional_id=\"ys0GeZISRs-1\" required><\/div><\/div><div class=\"evf-frontend-grid evf-grid-2\" data-grid=\"grid_2\"><div id=\"evf-33706-field_LbH5NxasXM-2-container\" class=\"evf-field evf-field-email form-row validate-required validate-email\" data-required-field-message=\"Por favor, usa una direcci\u00f3n de correo electr\u00f3nico v\u00e1lida.\" data-field-id=\"LbH5NxasXM-2\"><label class=\"evf-field-label\" for=\"evf-33706-field_LbH5NxasXM-2\"><span class=\"evf-label\">Email<\/span> <abbr class=\"required\" title=\"Required\">*<\/abbr><\/label><input type=\"email\" id=\"evf-33706-field_LbH5NxasXM-2\" class=\"input-text\" name=\"everest_forms[form_fields][LbH5NxasXM-2]\" conditional_id=\"LbH5NxasXM-2\" required ><\/div><\/div><\/div><div class=\"evf-frontend-row\" data-row=\"row_2\" conditional_rules=\"[]\"><div class=\"evf-frontend-grid evf-grid-1\" data-grid=\"grid_1\"><div id=\"evf-33706-field_YVwi8RuVBO-10-container\" class=\"evf-field evf-field-textarea form-row\" data-field-id=\"YVwi8RuVBO-10\"><label class=\"evf-field-label\" for=\"evf-33706-field_YVwi8RuVBO-10\"><span class=\"evf-label\">Subject<\/span> <\/label><textarea id=\"evf-33706-field_YVwi8RuVBO-10\" class=\"input-text\" name=\"everest_forms[form_fields][YVwi8RuVBO-10]\" conditional_id=\"YVwi8RuVBO-10\"  ><\/textarea><\/div><div id=\"evf-33706-field_LHSsyrqlvD-11-container\" class=\"evf-field evf-field-checkbox form-row validate-required\" data-required-field-message=\"Este campo es obligatorio.\" data-field-id=\"LHSsyrqlvD-11\"><label class=\"evf-field-label evf-label-hide\" for=\"evf-33706-field_LHSsyrqlvD-11\"><span class=\"evf-label\">Aceptacion de pol\u00edtica de privacidad<\/span> <abbr class=\"required\" title=\"Required\">*<\/abbr><\/label><ul id=\"evf-33706-field_LHSsyrqlvD-11\" class=\" evf-field-required\"><li class=\"choice-1 depth-1\"><input type=\"checkbox\" id=\"evf-33706-field_LHSsyrqlvD-11_1\" class=\"input-text\" name=\"everest_forms[form_fields][LHSsyrqlvD-11][]\" value=\"I have read and accept  &lt;a target=&quot;_blank&quot; href=&quot;\/politica-de-privacidad&quot;&gt;the privacy policy&lt;\/a&gt; &lt;abbr class=&quot;required&quot;&gt;*&lt;\/abbr&gt;\" conditional_id=\"LHSsyrqlvD-11\" required ><label class=\"everest-forms-field-label-inline\" for=\"evf-33706-field_LHSsyrqlvD-11_1\">I have read and accept  <a target=\"_blank\" href=\"\/politica-de-privacidad\">the privacy policy<\/a> <abbr class=\"required\">*<\/abbr><\/label><\/li><\/ul><\/div><div id=\"evf-33706-field_mASJp7LIkI-15-container\" class=\"evf-field evf-field-recaptcha form-row\" data-field-id=\"mASJp7LIkI-15\"><div class=\"evf-recaptcha-container recaptcha-hidden\" style=\"display:block\"><input type=\"hidden\" name=\"everest_forms[recaptcha]\" value=\"\"><\/div><\/div><\/div><\/div><\/div><div class=\"evf-honeypot-container evf-field-hp\"><label for=\"evf-33706-field-hp\" class=\"evf-field-label\">Comment<\/label><input type=\"text\" name=\"everest_forms[hp]\" id=\"evf-33706-field-hp\" class=\"input-text\"><\/div><div class=\"evf-submit-container \" ><input type=\"hidden\" name=\"everest_forms[id]\" value=\"33706\"><input type=\"hidden\" name=\"everest_forms[author]\" value=\"17\"><button type='submit' name='everest_forms[submit]' class='everest-forms-submit-button button evf-submit ' id='evf-submit-33706' value='evf-submit' data-process-text=\"EN PROCESO\u2026\" conditional_rules='&quot;&quot;' conditional_id='evf-submit-33706'  id=\"evf-submit-33706\" aria-live=\"assertive\">SEND<\/button><\/div><\/form><\/div><!-- .evf-container --><\/div>[\/vc_column_text][\/vc_column][\/vc_row]<\/p>\n<\/div>","protected":false},"excerpt":{"rendered":"<p>[vc_row full_width=&#8221;stretch_row&#8221; content_placement=&#8221;top&#8221; css=&#8221;.vc_custom_1716389827448{margin-bottom: 30px !important;background-image: url(https:\/\/www.fpsanturtzilh.eus\/wp-content\/uploads\/2024\/05\/cab-internacionalizacion.jpg?id=34611) !important;background-position: 0 0 !important;background-repeat: no-repeat !important;}&#8221;][vc_column css=&#8221;.vc_custom_1591438470376{margin-top: 200px !important;}&#8221;][vc_column_text el_class=&#8221;blanco&#8221;] Internationalization [\/vc_column_text][\/vc_column][\/vc_row][vc_row css=&#8221;.vc_custom_1716362960271{margin-top: 0px !important;padding-top: 0px !important;}&#8221;][vc_column width=&#8221;1\/2&#8243;][vc_column_text]At Santurtzi<span class=\"excerpt-hellip\"> [\u2026]<\/span><\/p>\n","protected":false},"author":17,"featured_media":0,"parent":0,"menu_order":0,"comment_status":"closed","ping_status":"closed","template":"","meta":{"footnotes":""},"categories":[],"tags":[],"class_list":["post-35697","page","type-page","status-publish","hentry"],"_links":{"self":[{"href":"https:\/\/www.fpsanturtzilh.eus\/en\/wp-json\/wp\/v2\/pages\/35697","targetHints":{"allow":["GET"]}}],"collection":[{"href":"https:\/\/www.fpsanturtzilh.eus\/en\/wp-json\/wp\/v2\/pages"}],"about":[{"href":"https:\/\/www.fpsanturtzilh.eus\/en\/wp-json\/wp\/v2\/types\/page"}],"author":[{"embeddable":true,"href":"https:\/\/www.fpsanturtzilh.eus\/en\/wp-json\/wp\/v2\/users\/17"}],"replies":[{"embeddable":true,"href":"https:\/\/www.fpsanturtzilh.eus\/en\/wp-json\/wp\/v2\/comments?post=35697"}],"version-history":[{"count":0,"href":"https:\/\/www.fpsanturtzilh.eus\/en\/wp-json\/wp\/v2\/pages\/35697\/revisions"}],"wp:attachment":[{"href":"https:\/\/www.fpsanturtzilh.eus\/en\/wp-json\/wp\/v2\/media?parent=35697"}],"wp:term":[{"taxonomy":"category","embeddable":true,"href":"https:\/\/www.fpsanturtzilh.eus\/en\/wp-json\/wp\/v2\/categories?post=35697"},{"taxonomy":"post_tag","embeddable":true,"href":"https:\/\/www.fpsanturtzilh.eus\/en\/wp-json\/wp\/v2\/tags?post=35697"}],"curies":[{"name":"wp","href":"https:\/\/api.w.org\/{rel}","templated":true}]}}